{"id":52327,"date":"2023-02-17T13:24:41","date_gmt":"2023-02-17T13:24:41","guid":{"rendered":"https:\/\/dev.metos.global\/?page_id=52327"},"modified":"2026-05-04T10:36:40","modified_gmt":"2026-05-04T10:36:40","slug":"imetos-nbiot-manual","status":"publish","type":"page","link":"https:\/\/metos.global\/ro\/imetos-nbiot-manual\/","title":{"rendered":"Manual iMETOS NBIoT"},"content":{"rendered":"<div data-elementor-type=\"wp-page\" data-elementor-id=\"52327\" class=\"elementor elementor-52327\" data-elementor-post-type=\"page\">\n\t\t\t\t\t\t<section class=\"elementor-section elementor-top-section elementor-element elementor-element-875b730 elementor-section-boxed elementor-section-height-default elementor-section-height-default\" data-id=\"875b730\" data-element_type=\"section\" data-e-type=\"section\" data-settings=\"{&quot;background_background&quot;:&quot;classic&quot;}\">\n\t\t\t\t\t\t<div class=\"elementor-container elementor-column-gap-no\">\n\t\t\t\t\t<div class=\"elementor-column elementor-col-100 elementor-top-column elementor-element elementor-element-4241f44\" data-id=\"4241f44\" data-element_type=\"column\" data-e-type=\"column\">\n\t\t\t<div class=\"elementor-widget-wrap elementor-element-populated\">\n\t\t\t\t\t\t<div class=\"elementor-element elementor-element-decb343 elementor-widget elementor-widget-heading\" data-id=\"decb343\" data-element_type=\"widget\" data-e-type=\"widget\" data-widget_type=\"heading.default\">\n\t\t\t\t<div class=\"elementor-widget-container\">\n\t\t\t\t\t<h2 class=\"elementor-heading-title elementor-size-default\">iMETOS NBIoT <b>PERSPECTIVE \u0218I MANUAL<\/b><\/h2>\t\t\t\t<\/div>\n\t\t\t\t<\/div>\n\t\t\t\t<div class=\"elementor-element elementor-element-c4053f4 elementor-widget elementor-widget-html\" data-id=\"c4053f4\" data-element_type=\"widget\" data-e-type=\"widget\" data-widget_type=\"html.default\">\n\t\t\t\t<div class=\"elementor-widget-container\">\n\t\t\t\t\t<script>\r\njQuery(document).ready(function($) {\r\nvar delay = 100; setTimeout(function() {\r\n$('.elementor-tab-title').removeClass('elementor-active');\r\n $('.elementor-tab-content').css('display', 'none'); }, delay);\r\n});\r\n<\/script>\t\t\t\t<\/div>\n\t\t\t\t<\/div>\n\t\t\t\t<div class=\"elementor-element elementor-element-d4f51b5 elementor-widget elementor-widget-accordion\" data-id=\"d4f51b5\" data-element_type=\"widget\" data-e-type=\"widget\" data-widget_type=\"accordion.default\">\n\t\t\t\t<div class=\"elementor-widget-container\">\n\t\t\t\t\t\t\t<div class=\"elementor-accordion\">\n\t\t\t\t\t\t\t<div class=\"elementor-accordion-item\">\n\t\t\t\t\t<div id=\"elementor-tab-title-2231\" class=\"elementor-tab-title\" data-tab=\"1\" role=\"button\" aria-controls=\"elementor-tab-content-2231\" aria-expanded=\"false\">\n\t\t\t\t\t\t\t\t\t\t\t\t\t<span class=\"elementor-accordion-icon elementor-accordion-icon-right\" aria-hidden=\"true\">\n\t\t\t\t\t\t\t\t\t\t\t\t\t\t\t<span class=\"elementor-accordion-icon-closed\"><i class=\"fas fa-plus\"><\/i><\/span>\n\t\t\t\t\t\t\t\t<span class=\"elementor-accordion-icon-opened\"><i class=\"fas fa-minus\"><\/i><\/span>\n\t\t\t\t\t\t\t\t\t\t\t\t\t\t<\/span>\n\t\t\t\t\t\t\t\t\t\t\t\t<a class=\"elementor-accordion-title\" tabindex=\"0\">DOCUMENTA\u021aIE<\/a>\n\t\t\t\t\t<\/div>\n\t\t\t\t\t<div id=\"elementor-tab-content-2231\" class=\"elementor-tab-content elementor-clearfix\" data-tab=\"1\" role=\"region\" aria-labelledby=\"elementor-tab-title-2231\"><p><strong><a href=\"\/wp-content\/uploads\/2023\/02\/iMETOS-NBIOT-DOCUMENTATION.zip\">iMETOS NBIOT DOCUMENTA\u021aIE - click pentru a desc\u0103rca<\/a><\/strong><\/p><p><strong>Cel mai recent firmware:<\/strong> vizita\u021bi <strong><a href=\"https:\/\/metos.global\/ro\/support\/\">www.metos.global\/support<\/a><\/strong> \u0219i face\u021bi clic pe butonul HELP din col\u021bul din dreapta jos.<\/p><p><strong>Despre \u00b5METOS:<\/strong>\u00a0<a href=\"https:\/\/metos.global\/ro\/micrometos-nbiot\/\">vizita\u021bi aceast\u0103 pagin\u0103<\/a>.<\/p><\/div>\n\t\t\t\t<\/div>\n\t\t\t\t\t\t\t<div class=\"elementor-accordion-item\">\n\t\t\t\t\t<div id=\"elementor-tab-title-2232\" class=\"elementor-tab-title\" data-tab=\"2\" role=\"button\" aria-controls=\"elementor-tab-content-2232\" aria-expanded=\"false\">\n\t\t\t\t\t\t\t\t\t\t\t\t\t<span class=\"elementor-accordion-icon elementor-accordion-icon-right\" aria-hidden=\"true\">\n\t\t\t\t\t\t\t\t\t\t\t\t\t\t\t<span class=\"elementor-accordion-icon-closed\"><i class=\"fas fa-plus\"><\/i><\/span>\n\t\t\t\t\t\t\t\t<span class=\"elementor-accordion-icon-opened\"><i class=\"fas fa-minus\"><\/i><\/span>\n\t\t\t\t\t\t\t\t\t\t\t\t\t\t<\/span>\n\t\t\t\t\t\t\t\t\t\t\t\t<a class=\"elementor-accordion-title\" tabindex=\"0\">\u00ceNTREB\u0102RI FRECVENTE<\/a>\n\t\t\t\t\t<\/div>\n\t\t\t\t\t<div id=\"elementor-tab-content-2232\" class=\"elementor-tab-content elementor-clearfix\" data-tab=\"2\" role=\"region\" aria-labelledby=\"elementor-tab-title-2232\"><p><strong>1. Exemplu de comunicare automat\u0103 reu\u0219it\u0103<\/strong><\/p><pre>Puterea modulului NB-IoT:\n\nON\n\nPornire... a\u0219teapt\u0103... terminat.\n\nAT\n\nOK\n\nAT+CFUN=1\n\nOK\n\nAT+COPS=1,2, \"28602\"\n\nOK\n\nAT+CEREG?+CEREG: 0,2\n\nOK\n\nAT+CEREG?+CEREG: 0,2\n\nOK\n\nAT+CEREG?+CEREG: 0,1\n\nOK\n\n&gt;&gt; Timp de \u00eenregistrare = 6 sec.\n\n&gt;&gt; \u00cenregistrat: re\u021beaua de domiciliu\n\nAT+NSOCR=\"DGRAM\",17,1992,00\n\nOK\n\nAT+NSOST=0,\"91.114.24.20\",1992,36,\"E56D000101C8008D00000024011003000101000000070001E7181E000200000600030000\"0,36\n\nOK\n\nAT+NSORF=0,1000,\"91.114.24.20\",1992,23,\"C12C1A0020030101170811002513022C01038403040100\",0\n\nOK\n\nAT+NSOCL=0\n\nOK\n\nAT+CFUN=0\n\nOK\n\nPuterea modulului NB-IoT: SLEEP\n<\/pre><p><strong>2. Am o cartel\u0103 SIM. Ce urmeaz\u0103?<\/strong><\/p><ol><li>Trebuie s\u0103 ob\u021bine\u021bi codul MCC \u0219i MNC al furnizorului de re\u021bea care v-a furnizat cartela SIM.<\/li><li>Trebuie s\u0103 introduce\u021bi aceast\u0103 valoare MCC+MNC \u00een meniul (op\u021biunea P - Setup NBIoT module parameters) al sta\u021biei NBIoT iMETOS\u00ae prin TeraTerm.<\/li><li>Introduce\u021bi cartela SIM \u00een suportul pentru cartela SIM. Mai multe informa\u021bii sunt disponibile \u00een\u00a0<a href=\"https:\/\/metos.global\/home\/wp-content\/uploads\/2018\/07\/iMETOS-NBIoT-SIM-card-installation-v1.00.pdf\">uMetosNBIoT - Instalarea cartelei SIM v1.00.pdf<\/a>\u00a0manual.<\/li><\/ol><p><strong>3. Unde trimite sta\u021bia datele?<\/strong><\/p><p>iMETOS\u00ae NBIoT trimite datele c\u0103tre IP \u0219i PORT al receptorului - server. Aceste valori sunt afi\u0219ate \u00een op\u021biunea de meniu L - Print NBIoT module info (Imprimare informa\u021bii modul NBIoT).<\/p><p>Valorile implicite actuale ale trimiterii datelor c\u0103tre platforma Pessl Instruments FC trebuie s\u0103 fie:<\/p><pre>Adresa IP: 91.114.24.20\n\nPort la distan\u021b\u0103: 1992\n<\/pre><p>NBIoT iMETOS\u00ae utilizeaz\u0103 protocolul UDP pentru transmiterea datelor.<\/p><p><strong>4. Nu sunt vizibile date pentru sta\u021bia mea pe\u00a0<a href=\"https:\/\/ng.fieldclimate.com\/\">FieldClimate<\/a>\u00a0platform\u0103.<\/strong><\/p><p>Cel mai simplu mod de a v\u0103 asigura c\u0103 sta\u021bia trimite datele cu succes c\u0103tre serverul PI este verificarea procesului de comunicare cu TeraTerm \u0219i compararea acestuia cu exemplul de comunicare reu\u0219it\u0103.<\/p><p>Motivele obi\u0219nuite pentru care nu se livreaz\u0103 date sunt:<\/p><ul><li>re\u021beaua NBIoT se a\u0219teapt\u0103 la parametri diferi\u021bi (SCRAMBLING, APN, ...),<\/li><li>cod MCC+MNC gre\u0219it,<\/li><li>cartela SIM nefunc\u021bional\u0103,<\/li><li>timeout de \u00eenregistrare,<\/li><li>f\u0103r\u0103 acoperire de re\u021bea.<\/li><\/ul><p><strong>Parametrii re\u021belei NBIoT:<\/strong>\u00a0Fiecare furnizor de re\u021bea NBIoT poate avea set\u0103ri diferite pentru a conecta dispozitivul IoT la re\u021beaua sa. \u00cen cele mai multe cazuri, este vorba despre CR_0354_0338_SCRAMBLING, CR_0859_SI_AVOID \u0219i valoarea APN.<\/p><p>De obicei, se utilizeaz\u0103\u00a0<strong>CR_0354_0338_SCRAMBLING<\/strong>\u00a0trebuie s\u0103 fie setat la TRUE. Pentru a verifica valorile, trebuie s\u0103 intra\u021bi \u00een modul punte din meniu (op\u021biunea M - NBIoT module bridge mode) \u0219i s\u0103 executa\u021bi comanda at+nconfig? .<\/p><p>Modulul se va \u00eentoarce \u00eenapoi:<\/p><pre>+NCONFIG: \"AUTOCONNECT\", \"FALSE\"\n\n+NCONFIG: \"CR_0354_0338_SCRAMBLING\",\"FALSE\"\n\n+NCONFIG: \"CR_0859_SI_AVOID\",\"TRUE\"\n\n+NCONFIG: \"COMBINE_ATTACH\", \"FALSE\"\n\n+NCONFIG: \"CELL_RESELECTION\", \"FALSE\"\n\n+NCONFIG: \"ENABLE_BIP\", \"FALSE\"\n<\/pre><p>Pentru a seta CR_0354_0338_SCRAMBLING la TRUE, trebuie s\u0103 executa\u021bi comanda at+nconfig=\"CR_0354_0338_SCRAMBLING\", \"TRUE\" \u0219i modulul va r\u0103spunde cu OK .<\/p><p>Acela\u0219i lucru este valabil \u0219i pentru\u00a0<strong>CR_0859_SI_AVOID<\/strong>\u00a0parametru. Pentru a seta parametrul la true, executa\u021bi comanda<\/p><pre>at+nconfig=\"CR_0859_SI_AVOID\",\"TRUE\"\n<\/pre><p>Dup\u0103 ce aceasta este setat\u0103, executa\u021bi din nou comanda at+nconfig? \u0219i verifica\u021bi valorile returnate.<\/p><p>Furnizorii de re\u021bele NBIoT solicit\u0103 uneori\u00a0<strong>APN<\/strong>\u00a0se instaleaz\u0103. Pentru a verifica valoarea APN, trebuie s\u0103 executa\u021bi comanda<\/p><pre>at+cgdcont?<\/pre><p>\u00cen modul punte. Rezultatul ar trebui s\u0103 fie similar cu urm\u0103torul<\/p><pre>+CGDCONT: 0, \"IP\",,,0,0,0,,,,,1<\/pre><p>ceea ce indic\u0103 faptul c\u0103 nu este setat\u0103 nicio valoare APN. Pentru a seta valoarea APN, trebuie s\u0103 executa\u021bi comanda<\/p><pre>at+cgdcont=1, \"IP\", \"APN_name\"<\/pre><p>unde APN_name trebuie s\u0103 fie numele APN pe care vi-l furnizeaz\u0103 furnizorul de re\u021bea NBIoT.<\/p><p><strong>Timeout de \u00eenregistrare:<\/strong>\u00a0iMETOS\u00ae LoRa verific\u0103 starea, dac\u0103 este conectat la re\u021bea prin executarea instruc\u021biunii<\/p><pre>at+cereg?<\/pre><p>comand\u0103. Acesta verific\u0103 starea la fiecare 2 secunde pentru o perioad\u0103 maxim\u0103 de 80 de secunde. Dac\u0103 dispozitivul nu este \u00eenregistrat \u00een re\u021bea \u00een acest interval de timp, iese din procesul de comunicare. Atunci c\u00e2nd \u00eenregistrarea este reu\u0219it\u0103, ve\u021bi vedea o ie\u0219ire similar\u0103 cu aceasta \u00een TeraTerm:<\/p><pre>AT+CEREG?+CEREG: 0,1\n\nOK\n\n&gt;&gt; Timp de \u00eenregistrare = 6 sec.\n\n&gt;&gt; \u00cenregistrat: re\u021beaua de domiciliu\n<\/pre><p>Acest mesaj este afi\u0219at atunci c\u00e2nd sta\u021bia se afl\u0103 \u00een modul de comunicare automat\u0103. Nu ve\u021bi vedea acest mesaj atunci c\u00e2nd v\u0103 afla\u021bi \u00een modul Bridge.<\/p><p><strong>5. Cum se verific\u0103 disponibilitatea re\u021belei?<\/strong><\/p><p>Dac\u0103 dispozitivul se \u00eenregistreaz\u0103 cu succes \u00een re\u021bea, \u00eenseamn\u0103 c\u0103 re\u021beaua este disponibil\u0103. \u00cen cazul \u00een care dispozitivul nu se \u00eenregistreaz\u0103, trebuie s\u0103 verifica\u021bi cu operatorul re\u021belei NBIoT starea re\u021belei - dac\u0103 este disponibil\u0103 \u00een zona dvs. \u0219i ce set\u0103ri trebuie utilizate (\u0219i s\u0103 le compara\u021bi cu set\u0103rile de pe dispozitivul dvs. - men\u021bionate la punctul de mai sus).<\/p><p><strong>6. Ce trebuie s\u0103 fac dac\u0103 am nevoie de mai mult ajutor?<\/strong><\/p><p>Contacta\u021bi serviciul nostru de asisten\u021b\u0103 la support@metos.at. V\u0103 vom ajuta cu pl\u0103cere cu orice problem\u0103 pe care o pute\u021bi \u00eent\u00e2mpina.<\/p><\/div>\n\t\t\t\t<\/div>\n\t\t\t\t\t\t\t\t<\/div>\n\t\t\t\t\t\t<\/div>\n\t\t\t\t<\/div>\n\t\t\t\t<div class=\"elementor-element elementor-element-6c77abb elementor-widget elementor-widget-spacer\" data-id=\"6c77abb\" data-element_type=\"widget\" data-e-type=\"widget\" data-widget_type=\"spacer.default\">\n\t\t\t\t<div class=\"elementor-widget-container\">\n\t\t\t\t\t\t\t<div class=\"elementor-spacer\">\n\t\t\t<div class=\"elementor-spacer-inner\"><\/div>\n\t\t<\/div>\n\t\t\t\t\t\t<\/div>\n\t\t\t\t<\/div>\n\t\t\t\t\t<\/div>\n\t\t<\/div>\n\t\t\t\t\t<\/div>\n\t\t<\/section>\n\t\t\t\t<\/div>","protected":false},"excerpt":{"rendered":"<p>iMETOS NBIoT INSIGHTS AND MANUAL DOCUMENTATION iMETOS NBIOT DOCUMENTATION \u2013 click to download Latest firmware: visit the www.metos.global\/support page and click on the HELP button in the bottom right corner. About \u00b5METOS:\u00a0visit this page. FAQ 1. Example of a successful automatic communication NB-IoT module power: ON Starting up&#8230; waiting&#8230; done. AT OK AT+CFUN=1 OK AT+COPS=1,2,&#8221;28602&#8243; [&hellip;]<\/p>\n","protected":false},"author":2,"featured_media":0,"parent":0,"menu_order":0,"comment_status":"closed","ping_status":"closed","template":"elementor_header_footer","meta":{"ocean_post_layout":"","ocean_both_sidebars_style":"","ocean_both_sidebars_content_width":0,"ocean_both_sidebars_sidebars_width":0,"ocean_sidebar":"0","ocean_second_sidebar":"0","ocean_disable_margins":"enable","ocean_add_body_class":"","ocean_shortcode_before_top_bar":"","ocean_shortcode_after_top_bar":"","ocean_shortcode_before_header":"","ocean_shortcode_after_header":"","ocean_has_shortcode":"","ocean_shortcode_after_title":"","ocean_shortcode_before_footer_widgets":"","ocean_shortcode_after_footer_widgets":"","ocean_shortcode_before_footer_bottom":"","ocean_shortcode_after_footer_bottom":"","ocean_display_top_bar":"default","ocean_display_header":"default","ocean_header_style":"","ocean_center_header_left_menu":"0","ocean_custom_header_template":"0","ocean_custom_logo":0,"ocean_custom_retina_logo":0,"ocean_custom_logo_max_width":0,"ocean_custom_logo_tablet_max_width":0,"ocean_custom_logo_mobile_max_width":0,"ocean_custom_logo_max_height":0,"ocean_custom_logo_tablet_max_height":0,"ocean_custom_logo_mobile_max_height":0,"ocean_header_custom_menu":"0","ocean_menu_typo_font_family":"0","ocean_menu_typo_font_subset":"","ocean_menu_typo_font_size":0,"ocean_menu_typo_font_size_tablet":0,"ocean_menu_typo_font_size_mobile":0,"ocean_menu_typo_font_size_unit":"px","ocean_menu_typo_font_weight":"","ocean_menu_typo_font_weight_tablet":"","ocean_menu_typo_font_weight_mobile":"","ocean_menu_typo_transform":"","ocean_menu_typo_transform_tablet":"","ocean_menu_typo_transform_mobile":"","ocean_menu_typo_line_height":0,"ocean_menu_typo_line_height_tablet":0,"ocean_menu_typo_line_height_mobile":0,"ocean_menu_typo_line_height_unit":"","ocean_menu_typo_spacing":0,"ocean_menu_typo_spacing_tablet":0,"ocean_menu_typo_spacing_mobile":0,"ocean_menu_typo_spacing_unit":"","ocean_menu_link_color":"","ocean_menu_link_color_hover":"","ocean_menu_link_color_active":"","ocean_menu_link_background":"","ocean_menu_link_hover_background":"","ocean_menu_link_active_background":"","ocean_menu_social_links_bg":"","ocean_menu_social_hover_links_bg":"","ocean_menu_social_links_color":"","ocean_menu_social_hover_links_color":"","ocean_disable_title":"on","ocean_disable_heading":"on","ocean_post_title":"","ocean_post_subheading":"","ocean_post_title_style":"","ocean_post_title_background_color":"","ocean_post_title_background":0,"ocean_post_title_bg_image_position":"","ocean_post_title_bg_image_attachment":"","ocean_post_title_bg_image_repeat":"","ocean_post_title_bg_image_size":"","ocean_post_title_height":0,"ocean_post_title_bg_overlay":0.5,"ocean_post_title_bg_overlay_color":"","ocean_disable_breadcrumbs":"default","ocean_breadcrumbs_color":"","ocean_breadcrumbs_separator_color":"","ocean_breadcrumbs_links_color":"","ocean_breadcrumbs_links_hover_color":"","ocean_display_footer_widgets":"default","ocean_display_footer_bottom":"default","ocean_custom_footer_template":"0","footnotes":""},"class_list":["post-52327","page","type-page","status-publish","hentry","entry"],"yoast_head":"<!-- This site is optimized with the Yoast SEO plugin v27.5 - https:\/\/yoast.com\/product\/yoast-seo-wordpress\/ -->\n<title>iMETOS NBIoT Manual - METOS by Pessl Instruments<\/title>\n<meta name=\"robots\" content=\"index, follow, max-snippet:-1, max-image-preview:large, max-video-preview:-1\" \/>\n<link rel=\"canonical\" href=\"https:\/\/metos.global\/ro\/imetos-nbiot-manual\/\" \/>\n<meta property=\"og:locale\" content=\"ro_RO\" \/>\n<meta property=\"og:type\" content=\"article\" \/>\n<meta property=\"og:title\" content=\"iMETOS NBIoT Manual - METOS by Pessl Instruments\" \/>\n<meta property=\"og:description\" content=\"iMETOS NBIoT INSIGHTS AND MANUAL DOCUMENTATION iMETOS NBIOT DOCUMENTATION \u2013 click to download Latest firmware: visit the www.metos.global\/support page and click on the HELP button in the bottom right corner. About \u00b5METOS:\u00a0visit this page. FAQ 1. Example of a successful automatic communication NB-IoT module power: ON Starting up... waiting... done. AT OK AT+CFUN=1 OK AT+COPS=1,2,&quot;28602&quot; [&hellip;]\" \/>\n<meta property=\"og:url\" content=\"https:\/\/metos.global\/ro\/imetos-nbiot-manual\/\" \/>\n<meta property=\"og:site_name\" content=\"METOS by Pessl Instruments\" \/>\n<meta property=\"article:modified_time\" content=\"2026-05-04T10:36:40+00:00\" \/>\n<meta name=\"twitter:card\" content=\"summary_large_image\" \/>\n<meta name=\"twitter:label1\" content=\"Timp estimat pentru citire\" \/>\n\t<meta name=\"twitter:data1\" content=\"3 minute\" \/>\n<script type=\"application\/ld+json\" class=\"yoast-schema-graph\">{\"@context\":\"https:\\\/\\\/schema.org\",\"@graph\":[{\"@type\":\"WebPage\",\"@id\":\"https:\\\/\\\/metos.global\\\/imetos-nbiot-manual\\\/\",\"url\":\"https:\\\/\\\/metos.global\\\/imetos-nbiot-manual\\\/\",\"name\":\"iMETOS NBIoT Manual - METOS by Pessl Instruments\",\"isPartOf\":{\"@id\":\"https:\\\/\\\/metos.at\\\/en\\\/#website\"},\"datePublished\":\"2023-02-17T13:24:41+00:00\",\"dateModified\":\"2026-05-04T10:36:40+00:00\",\"breadcrumb\":{\"@id\":\"https:\\\/\\\/metos.global\\\/imetos-nbiot-manual\\\/#breadcrumb\"},\"inLanguage\":\"ro-RO\",\"potentialAction\":[{\"@type\":\"ReadAction\",\"target\":[\"https:\\\/\\\/metos.global\\\/imetos-nbiot-manual\\\/\"]}]},{\"@type\":\"BreadcrumbList\",\"@id\":\"https:\\\/\\\/metos.global\\\/imetos-nbiot-manual\\\/#breadcrumb\",\"itemListElement\":[{\"@type\":\"ListItem\",\"position\":1,\"name\":\"Home\",\"item\":\"https:\\\/\\\/metos.global\\\/\"},{\"@type\":\"ListItem\",\"position\":2,\"name\":\"iMETOS NBIoT Manual\"}]},{\"@type\":\"WebSite\",\"@id\":\"https:\\\/\\\/metos.at\\\/en\\\/#website\",\"url\":\"https:\\\/\\\/metos.at\\\/en\\\/\",\"name\":\"METOS by Pessl Instruments\",\"description\":\"Turning Information into profits since 1984.\",\"publisher\":{\"@id\":\"https:\\\/\\\/metos.at\\\/en\\\/#organization\"},\"alternateName\":\"METOS\",\"potentialAction\":[{\"@type\":\"SearchAction\",\"target\":{\"@type\":\"EntryPoint\",\"urlTemplate\":\"https:\\\/\\\/metos.at\\\/en\\\/?s={search_term_string}\"},\"query-input\":{\"@type\":\"PropertyValueSpecification\",\"valueRequired\":true,\"valueName\":\"search_term_string\"}}],\"inLanguage\":\"ro-RO\"},{\"@type\":\"Organization\",\"@id\":\"https:\\\/\\\/metos.at\\\/en\\\/#organization\",\"name\":\"METOS by Pessl Instruments\",\"alternateName\":\"Pessl Instruments\",\"url\":\"https:\\\/\\\/metos.at\\\/en\\\/\",\"logo\":{\"@type\":\"ImageObject\",\"inLanguage\":\"ro-RO\",\"@id\":\"https:\\\/\\\/metos.at\\\/en\\\/#\\\/schema\\\/logo\\\/image\\\/\",\"url\":\"https:\\\/\\\/metos.global\\\/wp-content\\\/uploads\\\/2022\\\/02\\\/cropped-METOS-by-Pessl-Instruments-white-PNG.png\",\"contentUrl\":\"https:\\\/\\\/metos.global\\\/wp-content\\\/uploads\\\/2022\\\/02\\\/cropped-METOS-by-Pessl-Instruments-white-PNG.png\",\"width\":2652,\"height\":795,\"caption\":\"METOS by Pessl Instruments\"},\"image\":{\"@id\":\"https:\\\/\\\/metos.at\\\/en\\\/#\\\/schema\\\/logo\\\/image\\\/\"}}]}<\/script>\n<!-- \/ Yoast SEO plugin. -->","yoast_head_json":{"title":"iMETOS Manual NBIoT - METOS de Pessl Instruments","robots":{"index":"index","follow":"follow","max-snippet":"max-snippet:-1","max-image-preview":"max-image-preview:large","max-video-preview":"max-video-preview:-1"},"canonical":"https:\/\/metos.global\/ro\/imetos-nbiot-manual\/","og_locale":"ro_RO","og_type":"article","og_title":"iMETOS NBIoT Manual - METOS by Pessl Instruments","og_description":"iMETOS NBIoT INSIGHTS AND MANUAL DOCUMENTATION iMETOS NBIOT DOCUMENTATION \u2013 click to download Latest firmware: visit the www.metos.global\/support page and click on the HELP button in the bottom right corner. About \u00b5METOS:\u00a0visit this page. FAQ 1. Example of a successful automatic communication NB-IoT module power: ON Starting up... waiting... done. AT OK AT+CFUN=1 OK AT+COPS=1,2,\"28602\" [&hellip;]","og_url":"https:\/\/metos.global\/ro\/imetos-nbiot-manual\/","og_site_name":"METOS by Pessl Instruments","article_modified_time":"2026-05-04T10:36:40+00:00","twitter_card":"summary_large_image","twitter_misc":{"Timp estimat pentru citire":"3 minute"},"schema":{"@context":"https:\/\/schema.org","@graph":[{"@type":"WebPage","@id":"https:\/\/metos.global\/imetos-nbiot-manual\/","url":"https:\/\/metos.global\/imetos-nbiot-manual\/","name":"iMETOS Manual NBIoT - METOS de Pessl Instruments","isPartOf":{"@id":"https:\/\/metos.at\/en\/#website"},"datePublished":"2023-02-17T13:24:41+00:00","dateModified":"2026-05-04T10:36:40+00:00","breadcrumb":{"@id":"https:\/\/metos.global\/imetos-nbiot-manual\/#breadcrumb"},"inLanguage":"ro-RO","potentialAction":[{"@type":"ReadAction","target":["https:\/\/metos.global\/imetos-nbiot-manual\/"]}]},{"@type":"BreadcrumbList","@id":"https:\/\/metos.global\/imetos-nbiot-manual\/#breadcrumb","itemListElement":[{"@type":"ListItem","position":1,"name":"Home","item":"https:\/\/metos.global\/"},{"@type":"ListItem","position":2,"name":"iMETOS NBIoT Manual"}]},{"@type":"WebSite","@id":"https:\/\/metos.at\/en\/#website","url":"https:\/\/metos.at\/en\/","name":"METOS de Pessl Instruments","description":"Transformarea informa\u021biilor \u00een profituri din 1984.","publisher":{"@id":"https:\/\/metos.at\/en\/#organization"},"alternateName":"METOS","potentialAction":[{"@type":"SearchAction","target":{"@type":"EntryPoint","urlTemplate":"https:\/\/metos.at\/en\/?s={search_term_string}"},"query-input":{"@type":"PropertyValueSpecification","valueRequired":true,"valueName":"search_term_string"}}],"inLanguage":"ro-RO"},{"@type":"Organization","@id":"https:\/\/metos.at\/en\/#organization","name":"METOS de Pessl Instruments","alternateName":"Pessl Instruments","url":"https:\/\/metos.at\/en\/","logo":{"@type":"ImageObject","inLanguage":"ro-RO","@id":"https:\/\/metos.at\/en\/#\/schema\/logo\/image\/","url":"https:\/\/metos.global\/wp-content\/uploads\/2022\/02\/cropped-METOS-by-Pessl-Instruments-white-PNG.png","contentUrl":"https:\/\/metos.global\/wp-content\/uploads\/2022\/02\/cropped-METOS-by-Pessl-Instruments-white-PNG.png","width":2652,"height":795,"caption":"METOS by Pessl Instruments"},"image":{"@id":"https:\/\/metos.at\/en\/#\/schema\/logo\/image\/"}}]}},"_links":{"self":[{"href":"https:\/\/metos.global\/ro\/wp-json\/wp\/v2\/pages\/52327","targetHints":{"allow":["GET"]}}],"collection":[{"href":"https:\/\/metos.global\/ro\/wp-json\/wp\/v2\/pages"}],"about":[{"href":"https:\/\/metos.global\/ro\/wp-json\/wp\/v2\/types\/page"}],"author":[{"embeddable":true,"href":"https:\/\/metos.global\/ro\/wp-json\/wp\/v2\/users\/2"}],"replies":[{"embeddable":true,"href":"https:\/\/metos.global\/ro\/wp-json\/wp\/v2\/comments?post=52327"}],"version-history":[{"count":15,"href":"https:\/\/metos.global\/ro\/wp-json\/wp\/v2\/pages\/52327\/revisions"}],"predecessor-version":[{"id":120518,"href":"https:\/\/metos.global\/ro\/wp-json\/wp\/v2\/pages\/52327\/revisions\/120518"}],"wp:attachment":[{"href":"https:\/\/metos.global\/ro\/wp-json\/wp\/v2\/media?parent=52327"}],"curies":[{"name":"wp","href":"https:\/\/api.w.org\/{rel}","templated":true}]}}