{"id":52327,"date":"2023-02-17T13:24:41","date_gmt":"2023-02-17T13:24:41","guid":{"rendered":"https:\/\/dev.metos.global\/?page_id=52327"},"modified":"2026-05-04T10:36:40","modified_gmt":"2026-05-04T10:36:40","slug":"imetos-nbiot-manual","status":"publish","type":"page","link":"https:\/\/metos.global\/pt\/imetos-nbiot-manual\/","title":{"rendered":"Manual do iMETOS NBIoT"},"content":{"rendered":"<div data-elementor-type=\"wp-page\" data-elementor-id=\"52327\" class=\"elementor elementor-52327\" data-elementor-post-type=\"page\">\n\t\t\t\t\t\t<section class=\"elementor-section elementor-top-section elementor-element elementor-element-875b730 elementor-section-boxed elementor-section-height-default elementor-section-height-default\" data-id=\"875b730\" data-element_type=\"section\" data-e-type=\"section\" data-settings=\"{&quot;background_background&quot;:&quot;classic&quot;}\">\n\t\t\t\t\t\t<div class=\"elementor-container elementor-column-gap-no\">\n\t\t\t\t\t<div class=\"elementor-column elementor-col-100 elementor-top-column elementor-element elementor-element-4241f44\" data-id=\"4241f44\" data-element_type=\"column\" data-e-type=\"column\">\n\t\t\t<div class=\"elementor-widget-wrap elementor-element-populated\">\n\t\t\t\t\t\t<div class=\"elementor-element elementor-element-decb343 elementor-widget elementor-widget-heading\" data-id=\"decb343\" data-element_type=\"widget\" data-e-type=\"widget\" data-widget_type=\"heading.default\">\n\t\t\t\t<div class=\"elementor-widget-container\">\n\t\t\t\t\t<h2 class=\"elementor-heading-title elementor-size-default\">iMETOS NBIoT <b>PERSPECTIVAS E MANUAL<\/b><\/h2>\t\t\t\t<\/div>\n\t\t\t\t<\/div>\n\t\t\t\t<div class=\"elementor-element elementor-element-c4053f4 elementor-widget elementor-widget-html\" data-id=\"c4053f4\" data-element_type=\"widget\" data-e-type=\"widget\" data-widget_type=\"html.default\">\n\t\t\t\t<div class=\"elementor-widget-container\">\n\t\t\t\t\t<script>\r\njQuery(document).ready(function($) {\r\nvar delay = 100; setTimeout(function() {\r\n$('.elementor-tab-title').removeClass('elementor-active');\r\n $('.elementor-tab-content').css('display', 'none'); }, delay);\r\n});\r\n<\/script>\t\t\t\t<\/div>\n\t\t\t\t<\/div>\n\t\t\t\t<div class=\"elementor-element elementor-element-d4f51b5 elementor-widget elementor-widget-accordion\" data-id=\"d4f51b5\" data-element_type=\"widget\" data-e-type=\"widget\" data-widget_type=\"accordion.default\">\n\t\t\t\t<div class=\"elementor-widget-container\">\n\t\t\t\t\t\t\t<div class=\"elementor-accordion\">\n\t\t\t\t\t\t\t<div class=\"elementor-accordion-item\">\n\t\t\t\t\t<div id=\"elementor-tab-title-2231\" class=\"elementor-tab-title\" data-tab=\"1\" role=\"button\" aria-controls=\"elementor-tab-content-2231\" aria-expanded=\"false\">\n\t\t\t\t\t\t\t\t\t\t\t\t\t<span class=\"elementor-accordion-icon elementor-accordion-icon-right\" aria-hidden=\"true\">\n\t\t\t\t\t\t\t\t\t\t\t\t\t\t\t<span class=\"elementor-accordion-icon-closed\"><i class=\"fas fa-plus\"><\/i><\/span>\n\t\t\t\t\t\t\t\t<span class=\"elementor-accordion-icon-opened\"><i class=\"fas fa-minus\"><\/i><\/span>\n\t\t\t\t\t\t\t\t\t\t\t\t\t\t<\/span>\n\t\t\t\t\t\t\t\t\t\t\t\t<a class=\"elementor-accordion-title\" tabindex=\"0\">DOCUMENTA\u00c7\u00c3O<\/a>\n\t\t\t\t\t<\/div>\n\t\t\t\t\t<div id=\"elementor-tab-content-2231\" class=\"elementor-tab-content elementor-clearfix\" data-tab=\"1\" role=\"region\" aria-labelledby=\"elementor-tab-title-2231\"><p><strong><a href=\"\/wp-content\/uploads\/2023\/02\/iMETOS-NBIOT-DOCUMENTATION.zip\">iMETOS NBIOT DOCUMENTATION - clique para descarregar<\/a><\/strong><\/p><p><strong>O firmware mais recente:<\/strong> visite o <strong><a href=\"https:\/\/metos.global\/pt\/support\/\">www.metos.global\/support<\/a><\/strong> e clicar no bot\u00e3o HELP no canto inferior direito.<\/p><p><strong>Sobre \u00b5METOS:<\/strong>\u00a0<a href=\"https:\/\/metos.global\/pt\/micrometos-nbiot\/\">visitar esta p\u00e1gina<\/a>.<\/p><\/div>\n\t\t\t\t<\/div>\n\t\t\t\t\t\t\t<div class=\"elementor-accordion-item\">\n\t\t\t\t\t<div id=\"elementor-tab-title-2232\" class=\"elementor-tab-title\" data-tab=\"2\" role=\"button\" aria-controls=\"elementor-tab-content-2232\" aria-expanded=\"false\">\n\t\t\t\t\t\t\t\t\t\t\t\t\t<span class=\"elementor-accordion-icon elementor-accordion-icon-right\" aria-hidden=\"true\">\n\t\t\t\t\t\t\t\t\t\t\t\t\t\t\t<span class=\"elementor-accordion-icon-closed\"><i class=\"fas fa-plus\"><\/i><\/span>\n\t\t\t\t\t\t\t\t<span class=\"elementor-accordion-icon-opened\"><i class=\"fas fa-minus\"><\/i><\/span>\n\t\t\t\t\t\t\t\t\t\t\t\t\t\t<\/span>\n\t\t\t\t\t\t\t\t\t\t\t\t<a class=\"elementor-accordion-title\" tabindex=\"0\">FAQ<\/a>\n\t\t\t\t\t<\/div>\n\t\t\t\t\t<div id=\"elementor-tab-content-2232\" class=\"elementor-tab-content elementor-clearfix\" data-tab=\"2\" role=\"region\" aria-labelledby=\"elementor-tab-title-2232\"><p><strong>1. Exemplo de uma comunica\u00e7\u00e3o autom\u00e1tica bem sucedida<\/strong><\/p><pre>Pot\u00eancia do m\u00f3dulo NB-IoT:\n\nLIGADO\n\nA iniciar... \u00e0 espera... feito.\n\nAT\n\nOK\n\nAT+CFUN=1\n\nOK\n\nAT+COPS=1,2, \"28602\"\n\nOK\n\nAT+CEREG?+CEREG: 0,2\n\nOK\n\nAT+CEREG?+CEREG: 0,2\n\nOK\n\nAT+CEREG?+CEREG: 0,1\n\nOK\n\n&gt;&gt; Tempo de registo = 6 seg.\n\n&gt;&gt; Registado: rede dom\u00e9stica\n\nAT+NSOCR=\"DGRAM\",17,1992,00\n\nOK\n\nAT+NSOST=0,\"91.114.24.20\",1992,36,\"E56D000101C8008D00000024011003000101000000070001E7181E000200000600030000\"0,36\n\nOK\n\nAT+NSORF=0,1000,\"91.114.24.20\",1992,23,\"C12C1A0020030101170811002513022C01038403040100\",0\n\nOK\n\nAT+NSOCL=0\n\nOK\n\nAT+CFUN=0\n\nOK\n\nPot\u00eancia do m\u00f3dulo NB-IoT: SLEEP\n<\/pre><p><strong>2. Tenho um cart\u00e3o SIM. O que \u00e9 que se segue?<\/strong><\/p><ol><li>\u00c9 necess\u00e1rio obter o c\u00f3digo MCC e MNC do fornecedor de rede que lhe forneceu o cart\u00e3o SIM.<\/li><li>\u00c9 necess\u00e1rio introduzir este valor MCC+MNC no menu (op\u00e7\u00e3o P - Setup NBIoT module parameters) da esta\u00e7\u00e3o iMETOS\u00ae NBIoT atrav\u00e9s do TeraTerm.<\/li><li>Insira o cart\u00e3o SIM no suporte do cart\u00e3o SIM. Mais informa\u00e7\u00f5es dispon\u00edveis em\u00a0<a href=\"https:\/\/metos.global\/home\/wp-content\/uploads\/2018\/07\/iMETOS-NBIoT-SIM-card-installation-v1.00.pdf\">uMetosNBIoT - Instala\u00e7\u00e3o do cart\u00e3o SIM v1.00.pdf<\/a>\u00a0manual.<\/li><\/ol><p><strong>3. Para onde \u00e9 que a esta\u00e7\u00e3o envia os dados?<\/strong><\/p><p>O iMETOS\u00ae NBIoT envia os dados para o IP e PORT do receptor - servidor. Estes valores s\u00e3o apresentados na op\u00e7\u00e3o de menu L - Imprimir informa\u00e7\u00f5es do m\u00f3dulo NBIoT.<\/p><p>Os valores predefinidos actuais do envio de dados para a plataforma Pessl Instruments FC t\u00eam de ser:<\/p><pre>Endere\u00e7o IP: 91.114.24.20\n\nPorta remota: 1992\n<\/pre><p>O iMETOS\u00ae NBIoT utiliza o protocolo UDP para a transmiss\u00e3o dos dados.<\/p><p><strong>4. N\u00e3o s\u00e3o vis\u00edveis quaisquer dados relativos \u00e0 minha esta\u00e7\u00e3o no\u00a0<a href=\"https:\/\/ng.fieldclimate.com\/\">FieldClimate<\/a>\u00a0plataforma.<\/strong><\/p><p>A forma mais f\u00e1cil de garantir que a esta\u00e7\u00e3o envia os dados com \u00eaxito para o servidor PI consiste em verificar o processo de comunica\u00e7\u00e3o com o TeraTerm e compar\u00e1-lo com o exemplo de comunica\u00e7\u00e3o bem sucedida.<\/p><p>As raz\u00f5es habituais para a n\u00e3o entrega de dados s\u00e3o:<\/p><ul><li>a rede NBIoT espera par\u00e2metros diferentes (SCRAMBLING, APN, ...),<\/li><li>c\u00f3digo MCC+MNC incorrecto,<\/li><li>cart\u00e3o SIM n\u00e3o funcional,<\/li><li>tempo limite de registo,<\/li><li>sem cobertura de rede.<\/li><\/ul><p><strong>Par\u00e2metros da rede NBIoT:<\/strong>\u00a0Cada fornecedor de rede NBIoT pode ter defini\u00e7\u00f5es diferentes para ligar o dispositivo IoT \u00e0 sua rede. Na maioria dos casos, \u00e9 o valor CR_0354_0338_SCRAMBLING, CR_0859_SI_AVOID e APN.<\/p><p>Normalmente, o\u00a0<strong>CR_0354_0338_SCRAMBLING<\/strong>\u00a0tem de ser definido como VERDADEIRO. Para verificar os valores, \u00e9 necess\u00e1rio entrar no modo de ponte no menu (op\u00e7\u00e3o M - modo de ponte do m\u00f3dulo NBIoT) e executar o comando at+nconfig? .<\/p><p>O m\u00f3dulo regressa:<\/p><pre>+NCONFIG: \"AUTOCONNECT\", \"FALSE\"\n\n+NCONFIG: \"CR_0354_0338_SCRAMBLING\",\"FALSE\"\n\n+NCONFIG: \"CR_0859_SI_AVOID\",\"TRUE\"\n\n+NCONFIG: \"COMBINE_ATTACH\", \"FALSE\"\n\n+NCONFIG: \"CELL_RESELECTION\", \"FALSE\"\n\n+NCONFIG: \"ENABLE_BIP\", \"FALSE\"\n<\/pre><p>Para definir o CR_0354_0338_SCRAMBLING como TRUE, \u00e9 necess\u00e1rio executar o comando at+nconfig=\"CR_0354_0338_SCRAMBLING\", \"TRUE\" e o m\u00f3dulo responder\u00e1 com OK .<\/p><p>O mesmo se aplica ao\u00a0<strong>CR_0859_SI_AVOID<\/strong>\u00a0par\u00e2metro. Para definir o par\u00e2metro como verdadeiro, executar o comando<\/p><pre>at+nconfig=\"CR_0859_SI_AVOID\",\"TRUE\"\n<\/pre><p>Depois de definido, execute novamente o comando at+nconfig? e verifique os valores devolvidos.<\/p><p>Os fornecedores de redes NBIoT exigem por vezes a\u00a0<strong>APN<\/strong>\u00a0configurar. Para verificar o valor APN, \u00e9 necess\u00e1rio executar o comando<\/p><pre>at+cgdcont?<\/pre><p>No modo bridge. O resultado deve ser semelhante a este<\/p><pre>+CGDCONT: 0, \"IP\",,,0,0,,,,,1<\/pre><p>o que indica que n\u00e3o existe um valor APN definido. Para definir o valor APN, \u00e9 necess\u00e1rio executar o comando<\/p><pre>at+cgdcont=1, \"IP\", \"APN_name\"<\/pre><p>em que o APN_name tem de ser o nome APN que o fornecedor de rede NBIoT lhe fornece.<\/p><p><strong>Tempo limite de registo:<\/strong>\u00a0O iMETOS\u00ae LoRa est\u00e1 a verificar o estado, se est\u00e1 ligado \u00e0 rede com a execu\u00e7\u00e3o do comando<\/p><pre>at+cereg?<\/pre><p>comando. Verifica o estado de 2 em 2 segundos durante um per\u00edodo m\u00e1ximo de 80 segundos. Se o dispositivo n\u00e3o estiver registado na rede durante este per\u00edodo, sai do processo de comunica\u00e7\u00e3o. Quando o registo for bem sucedido, ver\u00e1 uma sa\u00edda semelhante a esta no TeraTerm:<\/p><pre>AT+CEREG?+CEREG: 0,1\n\nOK\n\n&gt;&gt; Tempo de registo = 6 seg.\n\n&gt;&gt; Registado: rede dom\u00e9stica\n<\/pre><p>Esta mensagem \u00e9 apresentada quando a esta\u00e7\u00e3o est\u00e1 no modo de comunica\u00e7\u00e3o autom\u00e1tica. N\u00e3o ver\u00e1 esta mensagem quando estiver no modo Bridge.<\/p><p><strong>5. Como verificar a disponibilidade da rede?<\/strong><\/p><p>Se o dispositivo se registar na rede com sucesso, ent\u00e3o a rede est\u00e1 dispon\u00edvel. Se o dispositivo n\u00e3o se registar, \u00e9 necess\u00e1rio verificar com o operador da rede NBIoT o estado da rede - se est\u00e1 dispon\u00edvel na sua \u00e1rea e quais as defini\u00e7\u00f5es que devem ser utilizadas (e compar\u00e1-las com as defini\u00e7\u00f5es do seu dispositivo - mencionadas no ponto acima).<\/p><p><strong>6. O que fazer se precisar de mais ajuda?<\/strong><\/p><p>Contacte o nosso apoio em support@metos.at. Teremos todo o prazer em ajud\u00e1-lo em qualquer assunto que possa encontrar.<\/p><\/div>\n\t\t\t\t<\/div>\n\t\t\t\t\t\t\t\t<\/div>\n\t\t\t\t\t\t<\/div>\n\t\t\t\t<\/div>\n\t\t\t\t<div class=\"elementor-element elementor-element-6c77abb elementor-widget elementor-widget-spacer\" data-id=\"6c77abb\" data-element_type=\"widget\" data-e-type=\"widget\" data-widget_type=\"spacer.default\">\n\t\t\t\t<div class=\"elementor-widget-container\">\n\t\t\t\t\t\t\t<div class=\"elementor-spacer\">\n\t\t\t<div class=\"elementor-spacer-inner\"><\/div>\n\t\t<\/div>\n\t\t\t\t\t\t<\/div>\n\t\t\t\t<\/div>\n\t\t\t\t\t<\/div>\n\t\t<\/div>\n\t\t\t\t\t<\/div>\n\t\t<\/section>\n\t\t\t\t<\/div>","protected":false},"excerpt":{"rendered":"<p>iMETOS NBIoT INSIGHTS AND MANUAL DOCUMENTATION iMETOS NBIOT DOCUMENTATION \u2013 click to download Latest firmware: visit the www.metos.global\/support page and click on the HELP button in the bottom right corner. About \u00b5METOS:\u00a0visit this page. FAQ 1. Example of a successful automatic communication NB-IoT module power: ON Starting up&#8230; waiting&#8230; done. AT OK AT+CFUN=1 OK AT+COPS=1,2,&#8221;28602&#8243; [&hellip;]<\/p>\n","protected":false},"author":2,"featured_media":0,"parent":0,"menu_order":0,"comment_status":"closed","ping_status":"closed","template":"elementor_header_footer","meta":{"ocean_post_layout":"","ocean_both_sidebars_style":"","ocean_both_sidebars_content_width":0,"ocean_both_sidebars_sidebars_width":0,"ocean_sidebar":"0","ocean_second_sidebar":"0","ocean_disable_margins":"enable","ocean_add_body_class":"","ocean_shortcode_before_top_bar":"","ocean_shortcode_after_top_bar":"","ocean_shortcode_before_header":"","ocean_shortcode_after_header":"","ocean_has_shortcode":"","ocean_shortcode_after_title":"","ocean_shortcode_before_footer_widgets":"","ocean_shortcode_after_footer_widgets":"","ocean_shortcode_before_footer_bottom":"","ocean_shortcode_after_footer_bottom":"","ocean_display_top_bar":"default","ocean_display_header":"default","ocean_header_style":"","ocean_center_header_left_menu":"0","ocean_custom_header_template":"0","ocean_custom_logo":0,"ocean_custom_retina_logo":0,"ocean_custom_logo_max_width":0,"ocean_custom_logo_tablet_max_width":0,"ocean_custom_logo_mobile_max_width":0,"ocean_custom_logo_max_height":0,"ocean_custom_logo_tablet_max_height":0,"ocean_custom_logo_mobile_max_height":0,"ocean_header_custom_menu":"0","ocean_menu_typo_font_family":"0","ocean_menu_typo_font_subset":"","ocean_menu_typo_font_size":0,"ocean_menu_typo_font_size_tablet":0,"ocean_menu_typo_font_size_mobile":0,"ocean_menu_typo_font_size_unit":"px","ocean_menu_typo_font_weight":"","ocean_menu_typo_font_weight_tablet":"","ocean_menu_typo_font_weight_mobile":"","ocean_menu_typo_transform":"","ocean_menu_typo_transform_tablet":"","ocean_menu_typo_transform_mobile":"","ocean_menu_typo_line_height":0,"ocean_menu_typo_line_height_tablet":0,"ocean_menu_typo_line_height_mobile":0,"ocean_menu_typo_line_height_unit":"","ocean_menu_typo_spacing":0,"ocean_menu_typo_spacing_tablet":0,"ocean_menu_typo_spacing_mobile":0,"ocean_menu_typo_spacing_unit":"","ocean_menu_link_color":"","ocean_menu_link_color_hover":"","ocean_menu_link_color_active":"","ocean_menu_link_background":"","ocean_menu_link_hover_background":"","ocean_menu_link_active_background":"","ocean_menu_social_links_bg":"","ocean_menu_social_hover_links_bg":"","ocean_menu_social_links_color":"","ocean_menu_social_hover_links_color":"","ocean_disable_title":"on","ocean_disable_heading":"on","ocean_post_title":"","ocean_post_subheading":"","ocean_post_title_style":"","ocean_post_title_background_color":"","ocean_post_title_background":0,"ocean_post_title_bg_image_position":"","ocean_post_title_bg_image_attachment":"","ocean_post_title_bg_image_repeat":"","ocean_post_title_bg_image_size":"","ocean_post_title_height":0,"ocean_post_title_bg_overlay":0.5,"ocean_post_title_bg_overlay_color":"","ocean_disable_breadcrumbs":"default","ocean_breadcrumbs_color":"","ocean_breadcrumbs_separator_color":"","ocean_breadcrumbs_links_color":"","ocean_breadcrumbs_links_hover_color":"","ocean_display_footer_widgets":"default","ocean_display_footer_bottom":"default","ocean_custom_footer_template":"0","footnotes":""},"class_list":["post-52327","page","type-page","status-publish","hentry","entry"],"yoast_head":"<!-- This site is optimized with the Yoast SEO plugin v27.5 - https:\/\/yoast.com\/product\/yoast-seo-wordpress\/ -->\n<title>iMETOS NBIoT Manual - METOS by Pessl Instruments<\/title>\n<meta name=\"robots\" content=\"index, follow, max-snippet:-1, max-image-preview:large, max-video-preview:-1\" \/>\n<link rel=\"canonical\" href=\"https:\/\/metos.global\/pt\/imetos-nbiot-manual\/\" \/>\n<meta property=\"og:locale\" content=\"pt_PT\" \/>\n<meta property=\"og:type\" content=\"article\" \/>\n<meta property=\"og:title\" content=\"iMETOS NBIoT Manual - METOS by Pessl Instruments\" \/>\n<meta property=\"og:description\" content=\"iMETOS NBIoT INSIGHTS AND MANUAL DOCUMENTATION iMETOS NBIOT DOCUMENTATION \u2013 click to download Latest firmware: visit the www.metos.global\/support page and click on the HELP button in the bottom right corner. About \u00b5METOS:\u00a0visit this page. FAQ 1. Example of a successful automatic communication NB-IoT module power: ON Starting up... waiting... done. AT OK AT+CFUN=1 OK AT+COPS=1,2,&quot;28602&quot; [&hellip;]\" \/>\n<meta property=\"og:url\" content=\"https:\/\/metos.global\/pt\/imetos-nbiot-manual\/\" \/>\n<meta property=\"og:site_name\" content=\"METOS by Pessl Instruments\" \/>\n<meta property=\"article:modified_time\" content=\"2026-05-04T10:36:40+00:00\" \/>\n<meta name=\"twitter:card\" content=\"summary_large_image\" \/>\n<meta name=\"twitter:label1\" content=\"Tempo estimado de leitura\" \/>\n\t<meta name=\"twitter:data1\" content=\"3 minutos\" \/>\n<script type=\"application\/ld+json\" class=\"yoast-schema-graph\">{\"@context\":\"https:\\\/\\\/schema.org\",\"@graph\":[{\"@type\":\"WebPage\",\"@id\":\"https:\\\/\\\/metos.global\\\/imetos-nbiot-manual\\\/\",\"url\":\"https:\\\/\\\/metos.global\\\/imetos-nbiot-manual\\\/\",\"name\":\"iMETOS NBIoT Manual - METOS by Pessl Instruments\",\"isPartOf\":{\"@id\":\"https:\\\/\\\/metos.at\\\/en\\\/#website\"},\"datePublished\":\"2023-02-17T13:24:41+00:00\",\"dateModified\":\"2026-05-04T10:36:40+00:00\",\"breadcrumb\":{\"@id\":\"https:\\\/\\\/metos.global\\\/imetos-nbiot-manual\\\/#breadcrumb\"},\"inLanguage\":\"pt-PT\",\"potentialAction\":[{\"@type\":\"ReadAction\",\"target\":[\"https:\\\/\\\/metos.global\\\/imetos-nbiot-manual\\\/\"]}]},{\"@type\":\"BreadcrumbList\",\"@id\":\"https:\\\/\\\/metos.global\\\/imetos-nbiot-manual\\\/#breadcrumb\",\"itemListElement\":[{\"@type\":\"ListItem\",\"position\":1,\"name\":\"Home\",\"item\":\"https:\\\/\\\/metos.global\\\/\"},{\"@type\":\"ListItem\",\"position\":2,\"name\":\"iMETOS NBIoT Manual\"}]},{\"@type\":\"WebSite\",\"@id\":\"https:\\\/\\\/metos.at\\\/en\\\/#website\",\"url\":\"https:\\\/\\\/metos.at\\\/en\\\/\",\"name\":\"METOS by Pessl Instruments\",\"description\":\"Turning Information into profits since 1984.\",\"publisher\":{\"@id\":\"https:\\\/\\\/metos.at\\\/en\\\/#organization\"},\"alternateName\":\"METOS\",\"potentialAction\":[{\"@type\":\"SearchAction\",\"target\":{\"@type\":\"EntryPoint\",\"urlTemplate\":\"https:\\\/\\\/metos.at\\\/en\\\/?s={search_term_string}\"},\"query-input\":{\"@type\":\"PropertyValueSpecification\",\"valueRequired\":true,\"valueName\":\"search_term_string\"}}],\"inLanguage\":\"pt-PT\"},{\"@type\":\"Organization\",\"@id\":\"https:\\\/\\\/metos.at\\\/en\\\/#organization\",\"name\":\"METOS by Pessl Instruments\",\"alternateName\":\"Pessl Instruments\",\"url\":\"https:\\\/\\\/metos.at\\\/en\\\/\",\"logo\":{\"@type\":\"ImageObject\",\"inLanguage\":\"pt-PT\",\"@id\":\"https:\\\/\\\/metos.at\\\/en\\\/#\\\/schema\\\/logo\\\/image\\\/\",\"url\":\"https:\\\/\\\/metos.global\\\/wp-content\\\/uploads\\\/2022\\\/02\\\/cropped-METOS-by-Pessl-Instruments-white-PNG.png\",\"contentUrl\":\"https:\\\/\\\/metos.global\\\/wp-content\\\/uploads\\\/2022\\\/02\\\/cropped-METOS-by-Pessl-Instruments-white-PNG.png\",\"width\":2652,\"height\":795,\"caption\":\"METOS by Pessl Instruments\"},\"image\":{\"@id\":\"https:\\\/\\\/metos.at\\\/en\\\/#\\\/schema\\\/logo\\\/image\\\/\"}}]}<\/script>\n<!-- \/ Yoast SEO plugin. -->","yoast_head_json":{"title":"Manual do iMETOS NBIoT - METOS por Pessl Instruments","robots":{"index":"index","follow":"follow","max-snippet":"max-snippet:-1","max-image-preview":"max-image-preview:large","max-video-preview":"max-video-preview:-1"},"canonical":"https:\/\/metos.global\/pt\/imetos-nbiot-manual\/","og_locale":"pt_PT","og_type":"article","og_title":"iMETOS NBIoT Manual - METOS by Pessl Instruments","og_description":"iMETOS NBIoT INSIGHTS AND MANUAL DOCUMENTATION iMETOS NBIOT DOCUMENTATION \u2013 click to download Latest firmware: visit the www.metos.global\/support page and click on the HELP button in the bottom right corner. About \u00b5METOS:\u00a0visit this page. FAQ 1. Example of a successful automatic communication NB-IoT module power: ON Starting up... waiting... done. AT OK AT+CFUN=1 OK AT+COPS=1,2,\"28602\" [&hellip;]","og_url":"https:\/\/metos.global\/pt\/imetos-nbiot-manual\/","og_site_name":"METOS by Pessl Instruments","article_modified_time":"2026-05-04T10:36:40+00:00","twitter_card":"summary_large_image","twitter_misc":{"Tempo estimado de leitura":"3 minutos"},"schema":{"@context":"https:\/\/schema.org","@graph":[{"@type":"WebPage","@id":"https:\/\/metos.global\/imetos-nbiot-manual\/","url":"https:\/\/metos.global\/imetos-nbiot-manual\/","name":"Manual do iMETOS NBIoT - METOS por Pessl Instruments","isPartOf":{"@id":"https:\/\/metos.at\/en\/#website"},"datePublished":"2023-02-17T13:24:41+00:00","dateModified":"2026-05-04T10:36:40+00:00","breadcrumb":{"@id":"https:\/\/metos.global\/imetos-nbiot-manual\/#breadcrumb"},"inLanguage":"pt-PT","potentialAction":[{"@type":"ReadAction","target":["https:\/\/metos.global\/imetos-nbiot-manual\/"]}]},{"@type":"BreadcrumbList","@id":"https:\/\/metos.global\/imetos-nbiot-manual\/#breadcrumb","itemListElement":[{"@type":"ListItem","position":1,"name":"Home","item":"https:\/\/metos.global\/"},{"@type":"ListItem","position":2,"name":"iMETOS NBIoT Manual"}]},{"@type":"WebSite","@id":"https:\/\/metos.at\/en\/#website","url":"https:\/\/metos.at\/en\/","name":"METOS por Pessl Instruments","description":"Transformar informa\u00e7\u00e3o em lucros desde 1984.","publisher":{"@id":"https:\/\/metos.at\/en\/#organization"},"alternateName":"METOS","potentialAction":[{"@type":"SearchAction","target":{"@type":"EntryPoint","urlTemplate":"https:\/\/metos.at\/en\/?s={search_term_string}"},"query-input":{"@type":"PropertyValueSpecification","valueRequired":true,"valueName":"search_term_string"}}],"inLanguage":"pt-PT"},{"@type":"Organization","@id":"https:\/\/metos.at\/en\/#organization","name":"METOS por Pessl Instruments","alternateName":"Pessl Instruments","url":"https:\/\/metos.at\/en\/","logo":{"@type":"ImageObject","inLanguage":"pt-PT","@id":"https:\/\/metos.at\/en\/#\/schema\/logo\/image\/","url":"https:\/\/metos.global\/wp-content\/uploads\/2022\/02\/cropped-METOS-by-Pessl-Instruments-white-PNG.png","contentUrl":"https:\/\/metos.global\/wp-content\/uploads\/2022\/02\/cropped-METOS-by-Pessl-Instruments-white-PNG.png","width":2652,"height":795,"caption":"METOS by Pessl Instruments"},"image":{"@id":"https:\/\/metos.at\/en\/#\/schema\/logo\/image\/"}}]}},"_links":{"self":[{"href":"https:\/\/metos.global\/pt\/wp-json\/wp\/v2\/pages\/52327","targetHints":{"allow":["GET"]}}],"collection":[{"href":"https:\/\/metos.global\/pt\/wp-json\/wp\/v2\/pages"}],"about":[{"href":"https:\/\/metos.global\/pt\/wp-json\/wp\/v2\/types\/page"}],"author":[{"embeddable":true,"href":"https:\/\/metos.global\/pt\/wp-json\/wp\/v2\/users\/2"}],"replies":[{"embeddable":true,"href":"https:\/\/metos.global\/pt\/wp-json\/wp\/v2\/comments?post=52327"}],"version-history":[{"count":15,"href":"https:\/\/metos.global\/pt\/wp-json\/wp\/v2\/pages\/52327\/revisions"}],"predecessor-version":[{"id":120518,"href":"https:\/\/metos.global\/pt\/wp-json\/wp\/v2\/pages\/52327\/revisions\/120518"}],"wp:attachment":[{"href":"https:\/\/metos.global\/pt\/wp-json\/wp\/v2\/media?parent=52327"}],"curies":[{"name":"wp","href":"https:\/\/api.w.org\/{rel}","templated":true}]}}