{"id":40826,"date":"2022-04-19T08:36:20","date_gmt":"2022-04-19T08:36:20","guid":{"rendered":"http:\/\/dev.metos.global\/?page_id=40826"},"modified":"2025-11-26T10:56:25","modified_gmt":"2025-11-26T10:56:25","slug":"apps","status":"publish","type":"page","link":"https:\/\/metos.global\/pl\/apps\/","title":{"rendered":"Aplikacje internetowe i mobilne"},"content":{"rendered":"<div data-elementor-type=\"wp-page\" data-elementor-id=\"40826\" class=\"elementor elementor-40826\" data-elementor-post-type=\"page\">\n\t\t\t\t\t\t<section class=\"elementor-section elementor-top-section elementor-element elementor-element-b31710c elementor-section-boxed elementor-section-height-default elementor-section-height-default\" data-id=\"b31710c\" data-element_type=\"section\" data-e-type=\"section\">\n\t\t\t\t\t\t<div class=\"elementor-container elementor-column-gap-default\">\n\t\t\t\t\t<div class=\"elementor-column elementor-col-100 elementor-top-column elementor-element elementor-element-6329715\" data-id=\"6329715\" data-element_type=\"column\" data-e-type=\"column\">\n\t\t\t<div class=\"elementor-widget-wrap elementor-element-populated\">\n\t\t\t\t\t\t<div class=\"elementor-element elementor-element-73599b4 elementor-widget elementor-widget-heading\" data-id=\"73599b4\" data-element_type=\"widget\" data-e-type=\"widget\" data-widget_type=\"heading.default\">\n\t\t\t\t<div class=\"elementor-widget-container\">\n\t\t\t\t\t<h2 class=\"elementor-heading-title elementor-size-default\">Aplikacje internetowe i mobilne METOS<\/h2>\t\t\t\t<\/div>\n\t\t\t\t<\/div>\n\t\t\t\t\t<\/div>\n\t\t<\/div>\n\t\t\t\t\t<\/div>\n\t\t<\/section>\n\t\t\t\t<section class=\"elementor-section elementor-top-section elementor-element elementor-element-4e87870 elementor-section-boxed elementor-section-height-default elementor-section-height-default\" data-id=\"4e87870\" data-element_type=\"section\" data-e-type=\"section\">\n\t\t\t\t\t\t<div class=\"elementor-container elementor-column-gap-default\">\n\t\t\t\t\t<div class=\"elementor-column elementor-col-100 elementor-top-column elementor-element elementor-element-aa6777f\" data-id=\"aa6777f\" data-element_type=\"column\" data-e-type=\"column\">\n\t\t\t<div class=\"elementor-widget-wrap elementor-element-populated\">\n\t\t\t\t\t\t<div class=\"elementor-element elementor-element-3ca0750 elementor-widget elementor-widget-text-editor\" data-id=\"3ca0750\" data-element_type=\"widget\" data-e-type=\"widget\" data-widget_type=\"text-editor.default\">\n\t\t\t\t<div class=\"elementor-widget-container\">\n\t\t\t\t\t\t\t\t\t<p>Podczas gdy <a href=\"https:\/\/metos.global\/pl\/stations-dataloggers\/\">stacje pogodowe<\/a>, Rejestratory danych i inne czujniki mierz\u0105 parametry \u015brodowiskowe w terenie, a nasze aplikacje internetowe i mobilne (FieldClimate, iSCOUT Mobile) zapewniaj\u0105, \u017ce wszystkie dane s\u0105 przechowywane, analizowane i gotowe do wykorzystania, aby dostarczy\u0107 Ci praktyczne informacje, kt\u00f3re pomog\u0105 Ci podj\u0105\u0107 decyzj\u0119 o kolejnym kroku.<\/p>\t\t\t\t\t\t\t\t<\/div>\n\t\t\t\t<\/div>\n\t\t\t\t\t<\/div>\n\t\t<\/div>\n\t\t\t\t\t<\/div>\n\t\t<\/section>\n\t\t\t\t<section class=\"elementor-section elementor-inner-section elementor-element elementor-element-c9c7a07 elementor-section-boxed elementor-section-height-default elementor-section-height-default\" data-id=\"c9c7a07\" data-element_type=\"section\" data-e-type=\"section\" data-settings=\"{&quot;animation&quot;:&quot;none&quot;}\">\n\t\t\t\t\t\t<div class=\"elementor-container elementor-column-gap-default\">\n\t\t\t\t\t<div class=\"elementor-column elementor-col-33 elementor-inner-column elementor-element elementor-element-253075ee\" data-id=\"253075ee\" data-element_type=\"column\" data-e-type=\"column\" data-settings=\"{&quot;background_background&quot;:&quot;classic&quot;}\">\n\t\t\t<div class=\"elementor-widget-wrap elementor-element-populated\">\n\t\t\t\t\t\t<div class=\"elementor-element elementor-element-3645a63 elementor-widget elementor-widget-image\" data-id=\"3645a63\" data-element_type=\"widget\" data-e-type=\"widget\" data-widget_type=\"image.default\">\n\t\t\t\t<div class=\"elementor-widget-container\">\n\t\t\t\t\t\t\t\t\t\t\t\t\t\t\t\t<a href=\"\/pl\/fieldclimate\/\" target=\"_blank\">\n\t\t\t\t\t\t\t<img fetchpriority=\"high\" decoding=\"async\" width=\"700\" height=\"300\" src=\"https:\/\/metos.global\/wp-content\/uploads\/2025\/11\/1.png\" class=\"attachment-full size-full wp-image-104926\" alt=\"Aplikacje internetowe i mobilne \u2013 FieldClimate\" srcset=\"https:\/\/metos.global\/wp-content\/uploads\/2025\/11\/1.png 700w, https:\/\/metos.global\/wp-content\/uploads\/2025\/11\/1-300x129.png 300w, https:\/\/metos.global\/wp-content\/uploads\/2025\/11\/1-18x8.png 18w\" sizes=\"(max-width: 700px) 100vw, 700px\" \/>\t\t\t\t\t\t\t\t<\/a>\n\t\t\t\t\t\t\t\t\t\t\t\t\t\t\t<\/div>\n\t\t\t\t<\/div>\n\t\t\t\t<div class=\"elementor-element elementor-element-60eff3e elementor-widget elementor-widget-spacer\" data-id=\"60eff3e\" data-element_type=\"widget\" data-e-type=\"widget\" data-widget_type=\"spacer.default\">\n\t\t\t\t<div class=\"elementor-widget-container\">\n\t\t\t\t\t\t\t<div class=\"elementor-spacer\">\n\t\t\t<div class=\"elementor-spacer-inner\"><\/div>\n\t\t<\/div>\n\t\t\t\t\t\t<\/div>\n\t\t\t\t<\/div>\n\t\t\t\t<div class=\"elementor-element elementor-element-734422f elementor-widget elementor-widget-heading\" data-id=\"734422f\" data-element_type=\"widget\" data-e-type=\"widget\" data-widget_type=\"heading.default\">\n\t\t\t\t<div class=\"elementor-widget-container\">\n\t\t\t\t\t<h3 class=\"elementor-heading-title elementor-size-default\"><a href=\"\/pl\/fieldclimate\/\">FieldClimate <\/a><\/h3>\t\t\t\t<\/div>\n\t\t\t\t<\/div>\n\t\t\t\t<div class=\"elementor-element elementor-element-ec7b1e4 elementor-widget elementor-widget-text-editor\" data-id=\"ec7b1e4\" data-element_type=\"widget\" data-e-type=\"widget\" data-widget_type=\"text-editor.default\">\n\t\t\t\t<div class=\"elementor-widget-container\">\n\t\t\t\t\t\t\t\t\t<p><a href=\"https:\/\/apps.apple.com\/us\/app\/fieldclimate\/id731871663\">FieldClimate<\/a> gromadzi, analizuje i przechowuje dane z czujnik\u00f3w terenowych, zapewniaj\u0105c jasny wgl\u0105d w warunki \u015brodowiskowe, co pozwala na podejmowanie \u015bwiadomych decyzji. Zaawansowane funkcje, takie jak precyzyjne prognozy pogody, modele chor\u00f3b ro\u015blin i narz\u0119dzia do planowania pracy, s\u0105 dost\u0119pne w ramach aktywnej subskrypcji.<\/p>\t\t\t\t\t\t\t\t<\/div>\n\t\t\t\t<\/div>\n\t\t\t\t<div class=\"elementor-element elementor-element-20cc08c elementor-align-center elementor-widget elementor-widget-button\" data-id=\"20cc08c\" data-element_type=\"widget\" data-e-type=\"widget\" data-widget_type=\"button.default\">\n\t\t\t\t<div class=\"elementor-widget-container\">\n\t\t\t\t\t\t\t\t\t<div class=\"elementor-button-wrapper\">\n\t\t\t\t\t<a class=\"elementor-button elementor-button-link elementor-size-sm elementor-animation-grow\" href=\"\/pl\/fieldclimate\/\">\n\t\t\t\t\t\t<span class=\"elementor-button-content-wrapper\">\n\t\t\t\t\t\t\t\t\t<span class=\"elementor-button-text\">DOWIEDZ SI\u0118 WI\u0118CEJ<\/span>\n\t\t\t\t\t<\/span>\n\t\t\t\t\t<\/a>\n\t\t\t\t<\/div>\n\t\t\t\t\t\t\t\t<\/div>\n\t\t\t\t<\/div>\n\t\t\t\t\t<\/div>\n\t\t<\/div>\n\t\t\t\t<div class=\"elementor-column elementor-col-33 elementor-inner-column elementor-element elementor-element-198bfba\" data-id=\"198bfba\" data-element_type=\"column\" data-e-type=\"column\" data-settings=\"{&quot;background_background&quot;:&quot;classic&quot;}\">\n\t\t\t<div class=\"elementor-widget-wrap\">\n\t\t\t\t\t\t\t<\/div>\n\t\t<\/div>\n\t\t\t\t<div class=\"elementor-column elementor-col-33 elementor-inner-column elementor-element elementor-element-664413c\" data-id=\"664413c\" data-element_type=\"column\" data-e-type=\"column\" data-settings=\"{&quot;background_background&quot;:&quot;classic&quot;}\">\n\t\t\t<div class=\"elementor-widget-wrap elementor-element-populated\">\n\t\t\t\t\t\t<div class=\"elementor-element elementor-element-a2d64ce elementor-widget elementor-widget-image\" data-id=\"a2d64ce\" data-element_type=\"widget\" data-e-type=\"widget\" data-widget_type=\"image.default\">\n\t\t\t\t<div class=\"elementor-widget-container\">\n\t\t\t\t\t\t\t\t\t\t\t\t\t\t\t\t<a href=\"\/pl\/iscout-mobile\/\" target=\"_blank\">\n\t\t\t\t\t\t\t<img decoding=\"async\" width=\"700\" height=\"300\" data-src=\"https:\/\/metos.global\/wp-content\/uploads\/2025\/11\/iSCOUT-Mobile-Web-3.png\" class=\"attachment-full size-full wp-image-104928 lazyload\" alt=\"Aplikacje internetowe i mobilne \u2013 iSCOUT Mobile\" data-srcset=\"https:\/\/metos.global\/wp-content\/uploads\/2025\/11\/iSCOUT-Mobile-Web-3.png 700w, https:\/\/metos.global\/wp-content\/uploads\/2025\/11\/iSCOUT-Mobile-Web-3-300x129.png 300w, https:\/\/metos.global\/wp-content\/uploads\/2025\/11\/iSCOUT-Mobile-Web-3-18x8.png 18w\" data-sizes=\"(max-width: 700px) 100vw, 700px\" src=\"data:image\/svg+xml;base64,PHN2ZyB3aWR0aD0iMSIgaGVpZ2h0PSIxIiB4bWxucz0iaHR0cDovL3d3dy53My5vcmcvMjAwMC9zdmciPjwvc3ZnPg==\" style=\"--smush-placeholder-width: 700px; --smush-placeholder-aspect-ratio: 700\/300;\" \/>\t\t\t\t\t\t\t\t<\/a>\n\t\t\t\t\t\t\t\t\t\t\t\t\t\t\t<\/div>\n\t\t\t\t<\/div>\n\t\t\t\t<div class=\"elementor-element elementor-element-7fa758c elementor-widget elementor-widget-spacer\" data-id=\"7fa758c\" data-element_type=\"widget\" data-e-type=\"widget\" data-widget_type=\"spacer.default\">\n\t\t\t\t<div class=\"elementor-widget-container\">\n\t\t\t\t\t\t\t<div class=\"elementor-spacer\">\n\t\t\t<div class=\"elementor-spacer-inner\"><\/div>\n\t\t<\/div>\n\t\t\t\t\t\t<\/div>\n\t\t\t\t<\/div>\n\t\t\t\t<div class=\"elementor-element elementor-element-2e193dd elementor-widget elementor-widget-heading\" data-id=\"2e193dd\" data-element_type=\"widget\" data-e-type=\"widget\" data-widget_type=\"heading.default\">\n\t\t\t\t<div class=\"elementor-widget-container\">\n\t\t\t\t\t<h3 class=\"elementor-heading-title elementor-size-default\"><a href=\"\/pl\/iscout-mobile\/\">iSCOUT Mobile<\/a><\/h3>\t\t\t\t<\/div>\n\t\t\t\t<\/div>\n\t\t\t\t<div class=\"elementor-element elementor-element-f899d4e elementor-widget elementor-widget-text-editor\" data-id=\"f899d4e\" data-element_type=\"widget\" data-e-type=\"widget\" data-widget_type=\"text-editor.default\">\n\t\t\t\t<div class=\"elementor-widget-container\">\n\t\t\t\t\t\t\t\t\t<p>Po\u017cegnaj si\u0119 z r\u0119cznym liczeniem. <a href=\"https:\/\/apps.apple.com\/us\/app\/iscout-mobile\/id1667746914\">iSCOUT Mobile<\/a> to oparta na sztucznej inteligencji aplikacja do monitorowania szkodnik\u00f3w, kt\u00f3ra analizuje zdj\u0119cia z lepkich pu\u0142apek, natychmiast identyfikuj\u0105c i zliczaj\u0105c owady, co pozwala uzyska\u0107 szybszy wgl\u0105d w sytuacj\u0119, wi\u0119ksz\u0105 dok\u0142adno\u015b\u0107 i podejmowa\u0107 m\u0105drzejsze decyzje dotycz\u0105ce rolnictwa.<\/p>\t\t\t\t\t\t\t\t<\/div>\n\t\t\t\t<\/div>\n\t\t\t\t<div class=\"elementor-element elementor-element-51cf8b0 elementor-align-center elementor-widget elementor-widget-button\" data-id=\"51cf8b0\" data-element_type=\"widget\" data-e-type=\"widget\" data-widget_type=\"button.default\">\n\t\t\t\t<div class=\"elementor-widget-container\">\n\t\t\t\t\t\t\t\t\t<div class=\"elementor-button-wrapper\">\n\t\t\t\t\t<a class=\"elementor-button elementor-button-link elementor-size-sm elementor-animation-grow\" href=\"\/pl\/iscout-mobile\/\">\n\t\t\t\t\t\t<span class=\"elementor-button-content-wrapper\">\n\t\t\t\t\t\t\t\t\t<span class=\"elementor-button-text\">DOWIEDZ SI\u0118 WI\u0118CEJ<\/span>\n\t\t\t\t\t<\/span>\n\t\t\t\t\t<\/a>\n\t\t\t\t<\/div>\n\t\t\t\t\t\t\t\t<\/div>\n\t\t\t\t<\/div>\n\t\t\t\t\t<\/div>\n\t\t<\/div>\n\t\t\t\t\t<\/div>\n\t\t<\/section>\n\t\t\t\t<\/div>","protected":false},"excerpt":{"rendered":"<p>METOS web and mobile apps While the weather stations, data loggers and other sensors measure the environmental parameters in the field, our web and mobile apps (FieldClimate, iSCOUT Mobile) make sure everything is stored, analyzed and ready to give you actionable information that helps you decide what your next move should be. FieldClimate FieldClimate collects, [&hellip;]<\/p>\n","protected":false},"author":3,"featured_media":0,"parent":0,"menu_order":0,"comment_status":"closed","ping_status":"closed","template":"elementor_header_footer","meta":{"ocean_post_layout":"","ocean_both_sidebars_style":"","ocean_both_sidebars_content_width":0,"ocean_both_sidebars_sidebars_width":0,"ocean_sidebar":"0","ocean_second_sidebar":"0","ocean_disable_margins":"enable","ocean_add_body_class":"","ocean_shortcode_before_top_bar":"","ocean_shortcode_after_top_bar":"","ocean_shortcode_before_header":"","ocean_shortcode_after_header":"","ocean_has_shortcode":"","ocean_shortcode_after_title":"","ocean_shortcode_before_footer_widgets":"","ocean_shortcode_after_footer_widgets":"","ocean_shortcode_before_footer_bottom":"","ocean_shortcode_after_footer_bottom":"","ocean_display_top_bar":"default","ocean_display_header":"default","ocean_header_style":"","ocean_center_header_left_menu":"0","ocean_custom_header_template":"0","ocean_custom_logo":0,"ocean_custom_retina_logo":0,"ocean_custom_logo_max_width":0,"ocean_custom_logo_tablet_max_width":0,"ocean_custom_logo_mobile_max_width":0,"ocean_custom_logo_max_height":0,"ocean_custom_logo_tablet_max_height":0,"ocean_custom_logo_mobile_max_height":0,"ocean_header_custom_menu":"0","ocean_menu_typo_font_family":"0","ocean_menu_typo_font_subset":"","ocean_menu_typo_font_size":0,"ocean_menu_typo_font_size_tablet":0,"ocean_menu_typo_font_size_mobile":0,"ocean_menu_typo_font_size_unit":"px","ocean_menu_typo_font_weight":"","ocean_menu_typo_font_weight_tablet":"","ocean_menu_typo_font_weight_mobile":"","ocean_menu_typo_transform":"","ocean_menu_typo_transform_tablet":"","ocean_menu_typo_transform_mobile":"","ocean_menu_typo_line_height":0,"ocean_menu_typo_line_height_tablet":0,"ocean_menu_typo_line_height_mobile":0,"ocean_menu_typo_line_height_unit":"","ocean_menu_typo_spacing":0,"ocean_menu_typo_spacing_tablet":0,"ocean_menu_typo_spacing_mobile":0,"ocean_menu_typo_spacing_unit":"","ocean_menu_link_color":"","ocean_menu_link_color_hover":"","ocean_menu_link_color_active":"","ocean_menu_link_background":"","ocean_menu_link_hover_background":"","ocean_menu_link_active_background":"","ocean_menu_social_links_bg":"","ocean_menu_social_hover_links_bg":"","ocean_menu_social_links_color":"","ocean_menu_social_hover_links_color":"","ocean_disable_title":"default","ocean_disable_heading":"default","ocean_post_title":"","ocean_post_subheading":"","ocean_post_title_style":"","ocean_post_title_background_color":"","ocean_post_title_background":0,"ocean_post_title_bg_image_position":"","ocean_post_title_bg_image_attachment":"","ocean_post_title_bg_image_repeat":"","ocean_post_title_bg_image_size":"","ocean_post_title_height":0,"ocean_post_title_bg_overlay":0.5,"ocean_post_title_bg_overlay_color":"","ocean_disable_breadcrumbs":"default","ocean_breadcrumbs_color":"","ocean_breadcrumbs_separator_color":"","ocean_breadcrumbs_links_color":"","ocean_breadcrumbs_links_hover_color":"","ocean_display_footer_widgets":"default","ocean_display_footer_bottom":"default","ocean_custom_footer_template":"0","footnotes":""},"class_list":["post-40826","page","type-page","status-publish","hentry","entry"],"yoast_head":"<!-- This site is optimized with the Yoast SEO plugin v27.5 - https:\/\/yoast.com\/product\/yoast-seo-wordpress\/ -->\n<title>Web and mobile apps - METOS by Pessl Instruments<\/title>\n<meta name=\"description\" content=\"Discover METOS web and mobile apps for real-time weather, soil, insect and crop data on your smartphone or desktop.\" \/>\n<meta name=\"robots\" content=\"index, follow, max-snippet:-1, max-image-preview:large, max-video-preview:-1\" \/>\n<link rel=\"canonical\" href=\"https:\/\/metos.global\/pl\/apps\/\" \/>\n<meta property=\"og:locale\" content=\"pl_PL\" \/>\n<meta property=\"og:type\" content=\"article\" \/>\n<meta property=\"og:title\" content=\"Web and mobile apps - METOS by Pessl Instruments\" \/>\n<meta property=\"og:description\" content=\"Discover METOS web and mobile apps for real-time weather, soil, insect and crop data on your smartphone or desktop.\" \/>\n<meta property=\"og:url\" content=\"https:\/\/metos.global\/pl\/apps\/\" \/>\n<meta property=\"og:site_name\" content=\"METOS by Pessl Instruments\" \/>\n<meta property=\"article:modified_time\" content=\"2025-11-26T10:56:25+00:00\" \/>\n<meta property=\"og:image\" content=\"https:\/\/metos.global\/wp-content\/uploads\/2025\/11\/1.png\" \/>\n<meta name=\"twitter:card\" content=\"summary_large_image\" \/>\n<meta name=\"twitter:label1\" content=\"Szacowany czas czytania\" \/>\n\t<meta name=\"twitter:data1\" content=\"1 minuta\" \/>\n<script type=\"application\/ld+json\" class=\"yoast-schema-graph\">{\"@context\":\"https:\\\/\\\/schema.org\",\"@graph\":[{\"@type\":\"WebPage\",\"@id\":\"https:\\\/\\\/metos.global\\\/apps\\\/\",\"url\":\"https:\\\/\\\/metos.global\\\/apps\\\/\",\"name\":\"Web and mobile apps - METOS by Pessl Instruments\",\"isPartOf\":{\"@id\":\"https:\\\/\\\/metos.at\\\/en\\\/#website\"},\"primaryImageOfPage\":{\"@id\":\"https:\\\/\\\/metos.global\\\/apps\\\/#primaryimage\"},\"image\":{\"@id\":\"https:\\\/\\\/metos.global\\\/apps\\\/#primaryimage\"},\"thumbnailUrl\":\"https:\\\/\\\/metos.global\\\/wp-content\\\/uploads\\\/2025\\\/11\\\/1.png\",\"datePublished\":\"2022-04-19T08:36:20+00:00\",\"dateModified\":\"2025-11-26T10:56:25+00:00\",\"description\":\"Discover METOS web and mobile apps for real-time weather, soil, insect and crop data on your smartphone or desktop.\",\"breadcrumb\":{\"@id\":\"https:\\\/\\\/metos.global\\\/apps\\\/#breadcrumb\"},\"inLanguage\":\"pl-PL\",\"potentialAction\":[{\"@type\":\"ReadAction\",\"target\":[\"https:\\\/\\\/metos.global\\\/apps\\\/\"]}]},{\"@type\":\"ImageObject\",\"inLanguage\":\"pl-PL\",\"@id\":\"https:\\\/\\\/metos.global\\\/apps\\\/#primaryimage\",\"url\":\"https:\\\/\\\/metos.global\\\/wp-content\\\/uploads\\\/2025\\\/11\\\/1.png\",\"contentUrl\":\"https:\\\/\\\/metos.global\\\/wp-content\\\/uploads\\\/2025\\\/11\\\/1.png\"},{\"@type\":\"BreadcrumbList\",\"@id\":\"https:\\\/\\\/metos.global\\\/apps\\\/#breadcrumb\",\"itemListElement\":[{\"@type\":\"ListItem\",\"position\":1,\"name\":\"Home\",\"item\":\"https:\\\/\\\/metos.global\\\/\"},{\"@type\":\"ListItem\",\"position\":2,\"name\":\"Web and mobile apps\"}]},{\"@type\":\"WebSite\",\"@id\":\"https:\\\/\\\/metos.at\\\/en\\\/#website\",\"url\":\"https:\\\/\\\/metos.at\\\/en\\\/\",\"name\":\"METOS by Pessl Instruments\",\"description\":\"Turning Information into profits since 1984.\",\"publisher\":{\"@id\":\"https:\\\/\\\/metos.at\\\/en\\\/#organization\"},\"alternateName\":\"METOS\",\"potentialAction\":[{\"@type\":\"SearchAction\",\"target\":{\"@type\":\"EntryPoint\",\"urlTemplate\":\"https:\\\/\\\/metos.at\\\/en\\\/?s={search_term_string}\"},\"query-input\":{\"@type\":\"PropertyValueSpecification\",\"valueRequired\":true,\"valueName\":\"search_term_string\"}}],\"inLanguage\":\"pl-PL\"},{\"@type\":\"Organization\",\"@id\":\"https:\\\/\\\/metos.at\\\/en\\\/#organization\",\"name\":\"METOS by Pessl Instruments\",\"alternateName\":\"Pessl Instruments\",\"url\":\"https:\\\/\\\/metos.at\\\/en\\\/\",\"logo\":{\"@type\":\"ImageObject\",\"inLanguage\":\"pl-PL\",\"@id\":\"https:\\\/\\\/metos.at\\\/en\\\/#\\\/schema\\\/logo\\\/image\\\/\",\"url\":\"https:\\\/\\\/metos.global\\\/wp-content\\\/uploads\\\/2022\\\/02\\\/cropped-METOS-by-Pessl-Instruments-white-PNG.png\",\"contentUrl\":\"https:\\\/\\\/metos.global\\\/wp-content\\\/uploads\\\/2022\\\/02\\\/cropped-METOS-by-Pessl-Instruments-white-PNG.png\",\"width\":2652,\"height\":795,\"caption\":\"METOS by Pessl Instruments\"},\"image\":{\"@id\":\"https:\\\/\\\/metos.at\\\/en\\\/#\\\/schema\\\/logo\\\/image\\\/\"}}]}<\/script>\n<!-- \/ Yoast SEO plugin. -->","yoast_head_json":{"title":"Aplikacje internetowe i mobilne \u2013 METOS przez Pessl Instruments","description":"Odkryj aplikacje internetowe i mobilne METOS, kt\u00f3re dostarczaj\u0105 w czasie rzeczywistym dane dotycz\u0105ce pogody, gleby, owad\u00f3w i upraw na smartfonie lub komputerze stacjonarnym.","robots":{"index":"index","follow":"follow","max-snippet":"max-snippet:-1","max-image-preview":"max-image-preview:large","max-video-preview":"max-video-preview:-1"},"canonical":"https:\/\/metos.global\/pl\/apps\/","og_locale":"pl_PL","og_type":"article","og_title":"Web and mobile apps - METOS by Pessl Instruments","og_description":"Discover METOS web and mobile apps for real-time weather, soil, insect and crop data on your smartphone or desktop.","og_url":"https:\/\/metos.global\/pl\/apps\/","og_site_name":"METOS by Pessl Instruments","article_modified_time":"2025-11-26T10:56:25+00:00","og_image":[{"url":"https:\/\/metos.global\/wp-content\/uploads\/2025\/11\/1.png","type":"","width":"","height":""}],"twitter_card":"summary_large_image","twitter_misc":{"Szacowany czas czytania":"1 minuta"},"schema":{"@context":"https:\/\/schema.org","@graph":[{"@type":"WebPage","@id":"https:\/\/metos.global\/apps\/","url":"https:\/\/metos.global\/apps\/","name":"Aplikacje internetowe i mobilne \u2013 METOS przez Pessl Instruments","isPartOf":{"@id":"https:\/\/metos.at\/en\/#website"},"primaryImageOfPage":{"@id":"https:\/\/metos.global\/apps\/#primaryimage"},"image":{"@id":"https:\/\/metos.global\/apps\/#primaryimage"},"thumbnailUrl":"https:\/\/metos.global\/wp-content\/uploads\/2025\/11\/1.png","datePublished":"2022-04-19T08:36:20+00:00","dateModified":"2025-11-26T10:56:25+00:00","description":"Odkryj aplikacje internetowe i mobilne METOS, kt\u00f3re dostarczaj\u0105 w czasie rzeczywistym dane dotycz\u0105ce pogody, gleby, owad\u00f3w i upraw na smartfonie lub komputerze stacjonarnym.","breadcrumb":{"@id":"https:\/\/metos.global\/apps\/#breadcrumb"},"inLanguage":"pl-PL","potentialAction":[{"@type":"ReadAction","target":["https:\/\/metos.global\/apps\/"]}]},{"@type":"ImageObject","inLanguage":"pl-PL","@id":"https:\/\/metos.global\/apps\/#primaryimage","url":"https:\/\/metos.global\/wp-content\/uploads\/2025\/11\/1.png","contentUrl":"https:\/\/metos.global\/wp-content\/uploads\/2025\/11\/1.png"},{"@type":"BreadcrumbList","@id":"https:\/\/metos.global\/apps\/#breadcrumb","itemListElement":[{"@type":"ListItem","position":1,"name":"Home","item":"https:\/\/metos.global\/"},{"@type":"ListItem","position":2,"name":"Web and mobile apps"}]},{"@type":"WebSite","@id":"https:\/\/metos.at\/en\/#website","url":"https:\/\/metos.at\/en\/","name":"METOS przez Pessl Instruments","description":"Przekszta\u0142canie informacji w zyski od 1984 roku.","publisher":{"@id":"https:\/\/metos.at\/en\/#organization"},"alternateName":"METOS","potentialAction":[{"@type":"SearchAction","target":{"@type":"EntryPoint","urlTemplate":"https:\/\/metos.at\/en\/?s={search_term_string}"},"query-input":{"@type":"PropertyValueSpecification","valueRequired":true,"valueName":"search_term_string"}}],"inLanguage":"pl-PL"},{"@type":"Organization","@id":"https:\/\/metos.at\/en\/#organization","name":"METOS przez Pessl Instruments","alternateName":"Pessl Instruments","url":"https:\/\/metos.at\/en\/","logo":{"@type":"ImageObject","inLanguage":"pl-PL","@id":"https:\/\/metos.at\/en\/#\/schema\/logo\/image\/","url":"https:\/\/metos.global\/wp-content\/uploads\/2022\/02\/cropped-METOS-by-Pessl-Instruments-white-PNG.png","contentUrl":"https:\/\/metos.global\/wp-content\/uploads\/2022\/02\/cropped-METOS-by-Pessl-Instruments-white-PNG.png","width":2652,"height":795,"caption":"METOS by Pessl Instruments"},"image":{"@id":"https:\/\/metos.at\/en\/#\/schema\/logo\/image\/"}}]}},"_links":{"self":[{"href":"https:\/\/metos.global\/pl\/wp-json\/wp\/v2\/pages\/40826","targetHints":{"allow":["GET"]}}],"collection":[{"href":"https:\/\/metos.global\/pl\/wp-json\/wp\/v2\/pages"}],"about":[{"href":"https:\/\/metos.global\/pl\/wp-json\/wp\/v2\/types\/page"}],"author":[{"embeddable":true,"href":"https:\/\/metos.global\/pl\/wp-json\/wp\/v2\/users\/3"}],"replies":[{"embeddable":true,"href":"https:\/\/metos.global\/pl\/wp-json\/wp\/v2\/comments?post=40826"}],"version-history":[{"count":95,"href":"https:\/\/metos.global\/pl\/wp-json\/wp\/v2\/pages\/40826\/revisions"}],"predecessor-version":[{"id":104953,"href":"https:\/\/metos.global\/pl\/wp-json\/wp\/v2\/pages\/40826\/revisions\/104953"}],"wp:attachment":[{"href":"https:\/\/metos.global\/pl\/wp-json\/wp\/v2\/media?parent=40826"}],"curies":[{"name":"wp","href":"https:\/\/api.w.org\/{rel}","templated":true}]}}