{"id":40753,"date":"2022-04-15T10:50:50","date_gmt":"2022-04-15T10:50:50","guid":{"rendered":"http:\/\/dev.metos.global\/?page_id=40753"},"modified":"2023-02-17T09:45:25","modified_gmt":"2023-02-17T09:45:25","slug":"impressum","status":"publish","type":"page","link":"https:\/\/metos.global\/fr\/impressum\/","title":{"rendered":"Impressum"},"content":{"rendered":"<div data-elementor-type=\"wp-page\" data-elementor-id=\"40753\" class=\"elementor elementor-40753\" data-elementor-post-type=\"page\">\n\t\t\t\t\t\t<section class=\"elementor-section elementor-top-section elementor-element elementor-element-6450284 elementor-section-boxed elementor-section-height-default elementor-section-height-default\" data-id=\"6450284\" data-element_type=\"section\" data-e-type=\"section\">\n\t\t\t\t\t\t<div class=\"elementor-container elementor-column-gap-default\">\n\t\t\t\t\t<div class=\"elementor-column elementor-col-100 elementor-top-column elementor-element elementor-element-8fe7323\" data-id=\"8fe7323\" data-element_type=\"column\" data-e-type=\"column\">\n\t\t\t<div class=\"elementor-widget-wrap elementor-element-populated\">\n\t\t\t\t\t\t<div class=\"elementor-element elementor-element-6dc5f59 elementor-widget elementor-widget-heading\" data-id=\"6dc5f59\" data-element_type=\"widget\" data-e-type=\"widget\" data-widget_type=\"heading.default\">\n\t\t\t\t<div class=\"elementor-widget-container\">\n\t\t\t\t\t<h2 class=\"elementor-heading-title elementor-size-default\">Impressum<\/h2>\t\t\t\t<\/div>\n\t\t\t\t<\/div>\n\t\t\t\t<div class=\"elementor-element elementor-element-41c7c31 elementor-widget elementor-widget-text-editor\" data-id=\"41c7c31\" data-element_type=\"widget\" data-e-type=\"widget\" data-widget_type=\"text-editor.default\">\n\t\t\t\t<div class=\"elementor-widget-container\">\n\t\t\t\t\t\t\t\t\t<p>Obligation d'information conform\u00e9ment \u00e0 l'article 5 de la loi sur le commerce \u00e9lectronique, \u00e0 l'article 14 du code des soci\u00e9t\u00e9s, \u00e0 l'article 63 de la r\u00e9glementation commerciale et \u00e0 l'obligation d'information conform\u00e9ment \u00e0 l'article 25 de la loi sur les m\u00e9dias.<\/p><p><strong>Objet social :<\/strong>\u00a0Production d'instruments et de dispositifs de mesure, de contr\u00f4le, de navigation, etc.<\/p><p><strong>Num\u00e9ro de TVA :<\/strong>\u00a0AT U43037600<br \/><strong>Num\u00e9ro d'enregistrement de la soci\u00e9t\u00e9 :<\/strong>\u00a0132857d<br \/><strong>Tribunal d'enregistrement de la soci\u00e9t\u00e9 :<\/strong>\u00a0Landesgericht Graz<\/p><p><strong>Si\u00e8ge de la soci\u00e9t\u00e9 :<\/strong><br \/>Werksweg 107<br \/>8160 Weiz<br \/>AUTRICHE<br \/><strong>Tel.. :<\/strong>\u00a0+43 31 72 55 21<br \/><strong>Fax :<\/strong>\u00a0+43 31 72 55 21 23<br \/><strong>Courrier \u00e9lectronique :<\/strong>\u00a0office@metos.at<\/p><p><strong>Membre de :<\/strong>\u00a0WKO<br \/><strong>Autorit\u00e9\/autorit\u00e9 commerciale :<\/strong>\u00a0Bureau du district municipal de Weiz<br \/><strong>Titre du poste :<\/strong>\u00a0M\u00e9catronique<br \/><strong>\u00c9tat :<\/strong>\u00a0Autriche<\/p><p><strong>DVR :<\/strong>\u00a00812188<br \/><strong>EORI :<\/strong>\u00a0ATEOS1000001942<\/p><p>Plus d'informations sur nous sur\u00a0<a href=\"https:\/\/firmen.wko.at\/Web\/DetailsKontakt.aspx?FirmaID=c368d1e2-648c-453c-9c23-4ee086f98cf1\">Site web de la WKO<\/a>.<\/p><p>Les consommateurs ont la possibilit\u00e9 de d\u00e9poser des plaintes aupr\u00e8s de la plateforme de r\u00e9solution des litiges en ligne de l'UE :\u00a0<a href=\"http:\/\/ec.europa.eu\/odr\">http:\/\/ec.europa.eu\/odr<\/a>.<br \/>Vous pouvez \u00e9galement adresser vos plaintes \u00e0 l'adresse \u00e9lectronique ci-dessus.<\/p>\t\t\t\t\t\t\t\t<\/div>\n\t\t\t\t<\/div>\n\t\t\t\t\t<\/div>\n\t\t<\/div>\n\t\t\t\t\t<\/div>\n\t\t<\/section>\n\t\t\t\t<\/div>","protected":false},"excerpt":{"rendered":"<p>Impressum Information obligation according to \u00a75 E-Commerce Act, \u00a714 Corporate Code, \u00a763 Trade Regulations and Disclosure Obligation according to \u00a725 Media Act Corporate purpose:\u00a0Production of measuring, control, navigation etc. instruments and devices VAT Number:\u00a0AT U43037600Company registration number:\u00a0132857dCompany registration court:\u00a0Landesgericht Graz Company HQ:Werksweg 1078160 WeizAUSTRIATel.:\u00a0+43 31 72 55 21Fax:\u00a0+43 31 72 55 21 23E-Mail:\u00a0office@metos.at Member of:\u00a0WKOAuthority\/trade [&hellip;]<\/p>\n","protected":false},"author":3,"featured_media":0,"parent":0,"menu_order":0,"comment_status":"closed","ping_status":"closed","template":"elementor_header_footer","meta":{"ocean_post_layout":"","ocean_both_sidebars_style":"","ocean_both_sidebars_content_width":0,"ocean_both_sidebars_sidebars_width":0,"ocean_sidebar":"0","ocean_second_sidebar":"0","ocean_disable_margins":"enable","ocean_add_body_class":"","ocean_shortcode_before_top_bar":"","ocean_shortcode_after_top_bar":"","ocean_shortcode_before_header":"","ocean_shortcode_after_header":"","ocean_has_shortcode":"","ocean_shortcode_after_title":"","ocean_shortcode_before_footer_widgets":"","ocean_shortcode_after_footer_widgets":"","ocean_shortcode_before_footer_bottom":"","ocean_shortcode_after_footer_bottom":"","ocean_display_top_bar":"default","ocean_display_header":"default","ocean_header_style":"","ocean_center_header_left_menu":"0","ocean_custom_header_template":"0","ocean_custom_logo":0,"ocean_custom_retina_logo":0,"ocean_custom_logo_max_width":0,"ocean_custom_logo_tablet_max_width":0,"ocean_custom_logo_mobile_max_width":0,"ocean_custom_logo_max_height":0,"ocean_custom_logo_tablet_max_height":0,"ocean_custom_logo_mobile_max_height":0,"ocean_header_custom_menu":"0","ocean_menu_typo_font_family":"0","ocean_menu_typo_font_subset":"","ocean_menu_typo_font_size":0,"ocean_menu_typo_font_size_tablet":0,"ocean_menu_typo_font_size_mobile":0,"ocean_menu_typo_font_size_unit":"px","ocean_menu_typo_font_weight":"","ocean_menu_typo_font_weight_tablet":"","ocean_menu_typo_font_weight_mobile":"","ocean_menu_typo_transform":"","ocean_menu_typo_transform_tablet":"","ocean_menu_typo_transform_mobile":"","ocean_menu_typo_line_height":0,"ocean_menu_typo_line_height_tablet":0,"ocean_menu_typo_line_height_mobile":0,"ocean_menu_typo_line_height_unit":"","ocean_menu_typo_spacing":0,"ocean_menu_typo_spacing_tablet":0,"ocean_menu_typo_spacing_mobile":0,"ocean_menu_typo_spacing_unit":"","ocean_menu_link_color":"","ocean_menu_link_color_hover":"","ocean_menu_link_color_active":"","ocean_menu_link_background":"","ocean_menu_link_hover_background":"","ocean_menu_link_active_background":"","ocean_menu_social_links_bg":"","ocean_menu_social_hover_links_bg":"","ocean_menu_social_links_color":"","ocean_menu_social_hover_links_color":"","ocean_disable_title":"on","ocean_disable_heading":"default","ocean_post_title":"","ocean_post_subheading":"","ocean_post_title_style":"","ocean_post_title_background_color":"","ocean_post_title_background":0,"ocean_post_title_bg_image_position":"","ocean_post_title_bg_image_attachment":"","ocean_post_title_bg_image_repeat":"","ocean_post_title_bg_image_size":"","ocean_post_title_height":0,"ocean_post_title_bg_overlay":0.5,"ocean_post_title_bg_overlay_color":"","ocean_disable_breadcrumbs":"default","ocean_breadcrumbs_color":"","ocean_breadcrumbs_separator_color":"","ocean_breadcrumbs_links_color":"","ocean_breadcrumbs_links_hover_color":"","ocean_display_footer_widgets":"default","ocean_display_footer_bottom":"default","ocean_custom_footer_template":"0","footnotes":""},"class_list":["post-40753","page","type-page","status-publish","hentry","entry"],"yoast_head":"<!-- This site is optimized with the Yoast SEO plugin v27.3 - https:\/\/yoast.com\/product\/yoast-seo-wordpress\/ -->\n<title>Impressum - METOS by Pessl Instruments<\/title>\n<meta name=\"robots\" content=\"index, follow, max-snippet:-1, max-image-preview:large, max-video-preview:-1\" \/>\n<link rel=\"canonical\" href=\"https:\/\/metos.at\/en\/impressum\/\" \/>\n<meta property=\"og:locale\" content=\"fr_FR\" \/>\n<meta property=\"og:type\" content=\"article\" \/>\n<meta property=\"og:title\" content=\"Impressum - METOS by Pessl Instruments\" \/>\n<meta property=\"og:description\" content=\"Impressum Information obligation according to \u00a75 E-Commerce Act, \u00a714 Corporate Code, \u00a763 Trade Regulations and Disclosure Obligation according to \u00a725 Media Act Corporate purpose:\u00a0Production of measuring, control, navigation etc. instruments and devices VAT Number:\u00a0AT U43037600Company registration number:\u00a0132857dCompany registration court:\u00a0Landesgericht Graz Company HQ:Werksweg 1078160 WeizAUSTRIATel.:\u00a0+43 31 72 55 21Fax:\u00a0+43 31 72 55 21 23E-Mail:\u00a0office@metos.at Member of:\u00a0WKOAuthority\/trade [&hellip;]\" \/>\n<meta property=\"og:url\" content=\"https:\/\/metos.at\/en\/impressum\/\" \/>\n<meta property=\"og:site_name\" content=\"METOS by Pessl Instruments\" \/>\n<meta property=\"article:modified_time\" content=\"2023-02-17T09:45:25+00:00\" \/>\n<meta name=\"twitter:card\" content=\"summary_large_image\" \/>\n<script type=\"application\/ld+json\" class=\"yoast-schema-graph\">{\"@context\":\"https:\\\/\\\/schema.org\",\"@graph\":[{\"@type\":\"WebPage\",\"@id\":\"https:\\\/\\\/metos.at\\\/en\\\/impressum\\\/\",\"url\":\"https:\\\/\\\/metos.at\\\/en\\\/impressum\\\/\",\"name\":\"Impressum - METOS by Pessl Instruments\",\"isPartOf\":{\"@id\":\"https:\\\/\\\/metos.at\\\/en\\\/#website\"},\"datePublished\":\"2022-04-15T10:50:50+00:00\",\"dateModified\":\"2023-02-17T09:45:25+00:00\",\"breadcrumb\":{\"@id\":\"https:\\\/\\\/metos.at\\\/en\\\/impressum\\\/#breadcrumb\"},\"inLanguage\":\"fr-FR\",\"potentialAction\":[{\"@type\":\"ReadAction\",\"target\":[\"https:\\\/\\\/metos.at\\\/en\\\/impressum\\\/\"]}]},{\"@type\":\"BreadcrumbList\",\"@id\":\"https:\\\/\\\/metos.at\\\/en\\\/impressum\\\/#breadcrumb\",\"itemListElement\":[{\"@type\":\"ListItem\",\"position\":1,\"name\":\"Home\",\"item\":\"https:\\\/\\\/metos.global\\\/en\\\/\"},{\"@type\":\"ListItem\",\"position\":2,\"name\":\"Impressum\"}]},{\"@type\":\"WebSite\",\"@id\":\"https:\\\/\\\/metos.at\\\/en\\\/#website\",\"url\":\"https:\\\/\\\/metos.at\\\/en\\\/\",\"name\":\"METOS by Pessl Instruments\",\"description\":\"Turning Information into profits since 1984.\",\"publisher\":{\"@id\":\"https:\\\/\\\/metos.at\\\/en\\\/#organization\"},\"alternateName\":\"METOS\",\"potentialAction\":[{\"@type\":\"SearchAction\",\"target\":{\"@type\":\"EntryPoint\",\"urlTemplate\":\"https:\\\/\\\/metos.at\\\/en\\\/?s={search_term_string}\"},\"query-input\":{\"@type\":\"PropertyValueSpecification\",\"valueRequired\":true,\"valueName\":\"search_term_string\"}}],\"inLanguage\":\"fr-FR\"},{\"@type\":\"Organization\",\"@id\":\"https:\\\/\\\/metos.at\\\/en\\\/#organization\",\"name\":\"METOS by Pessl Instruments\",\"alternateName\":\"Pessl Instruments\",\"url\":\"https:\\\/\\\/metos.at\\\/en\\\/\",\"logo\":{\"@type\":\"ImageObject\",\"inLanguage\":\"fr-FR\",\"@id\":\"https:\\\/\\\/metos.at\\\/en\\\/#\\\/schema\\\/logo\\\/image\\\/\",\"url\":\"https:\\\/\\\/metos.global\\\/wp-content\\\/uploads\\\/2022\\\/02\\\/cropped-METOS-by-Pessl-Instruments-white-PNG.png\",\"contentUrl\":\"https:\\\/\\\/metos.global\\\/wp-content\\\/uploads\\\/2022\\\/02\\\/cropped-METOS-by-Pessl-Instruments-white-PNG.png\",\"width\":2652,\"height\":795,\"caption\":\"METOS by Pessl Instruments\"},\"image\":{\"@id\":\"https:\\\/\\\/metos.at\\\/en\\\/#\\\/schema\\\/logo\\\/image\\\/\"}}]}<\/script>\n<!-- \/ Yoast SEO plugin. -->","yoast_head_json":{"title":"Impressum - METOS par Pessl Instruments","robots":{"index":"index","follow":"follow","max-snippet":"max-snippet:-1","max-image-preview":"max-image-preview:large","max-video-preview":"max-video-preview:-1"},"canonical":"https:\/\/metos.at\/en\/impressum\/","og_locale":"fr_FR","og_type":"article","og_title":"Impressum - METOS by Pessl Instruments","og_description":"Impressum Information obligation according to \u00a75 E-Commerce Act, \u00a714 Corporate Code, \u00a763 Trade Regulations and Disclosure Obligation according to \u00a725 Media Act Corporate purpose:\u00a0Production of measuring, control, navigation etc. instruments and devices VAT Number:\u00a0AT U43037600Company registration number:\u00a0132857dCompany registration court:\u00a0Landesgericht Graz Company HQ:Werksweg 1078160 WeizAUSTRIATel.:\u00a0+43 31 72 55 21Fax:\u00a0+43 31 72 55 21 23E-Mail:\u00a0office@metos.at Member of:\u00a0WKOAuthority\/trade [&hellip;]","og_url":"https:\/\/metos.at\/en\/impressum\/","og_site_name":"METOS by Pessl Instruments","article_modified_time":"2023-02-17T09:45:25+00:00","twitter_card":"summary_large_image","schema":{"@context":"https:\/\/schema.org","@graph":[{"@type":"WebPage","@id":"https:\/\/metos.at\/en\/impressum\/","url":"https:\/\/metos.at\/en\/impressum\/","name":"Impressum - METOS par Pessl Instruments","isPartOf":{"@id":"https:\/\/metos.at\/en\/#website"},"datePublished":"2022-04-15T10:50:50+00:00","dateModified":"2023-02-17T09:45:25+00:00","breadcrumb":{"@id":"https:\/\/metos.at\/en\/impressum\/#breadcrumb"},"inLanguage":"fr-FR","potentialAction":[{"@type":"ReadAction","target":["https:\/\/metos.at\/en\/impressum\/"]}]},{"@type":"BreadcrumbList","@id":"https:\/\/metos.at\/en\/impressum\/#breadcrumb","itemListElement":[{"@type":"ListItem","position":1,"name":"Home","item":"https:\/\/metos.global\/en\/"},{"@type":"ListItem","position":2,"name":"Impressum"}]},{"@type":"WebSite","@id":"https:\/\/metos.at\/en\/#website","url":"https:\/\/metos.at\/en\/","name":"METOS par Pessl Instruments","description":"Transformer l'information en profits depuis 1984.","publisher":{"@id":"https:\/\/metos.at\/en\/#organization"},"alternateName":"METOS","potentialAction":[{"@type":"SearchAction","target":{"@type":"EntryPoint","urlTemplate":"https:\/\/metos.at\/en\/?s={search_term_string}"},"query-input":{"@type":"PropertyValueSpecification","valueRequired":true,"valueName":"search_term_string"}}],"inLanguage":"fr-FR"},{"@type":"Organization","@id":"https:\/\/metos.at\/en\/#organization","name":"METOS par Pessl Instruments","alternateName":"Pessl Instruments","url":"https:\/\/metos.at\/en\/","logo":{"@type":"ImageObject","inLanguage":"fr-FR","@id":"https:\/\/metos.at\/en\/#\/schema\/logo\/image\/","url":"https:\/\/metos.global\/wp-content\/uploads\/2022\/02\/cropped-METOS-by-Pessl-Instruments-white-PNG.png","contentUrl":"https:\/\/metos.global\/wp-content\/uploads\/2022\/02\/cropped-METOS-by-Pessl-Instruments-white-PNG.png","width":2652,"height":795,"caption":"METOS by Pessl Instruments"},"image":{"@id":"https:\/\/metos.at\/en\/#\/schema\/logo\/image\/"}}]}},"_links":{"self":[{"href":"https:\/\/metos.global\/fr\/wp-json\/wp\/v2\/pages\/40753","targetHints":{"allow":["GET"]}}],"collection":[{"href":"https:\/\/metos.global\/fr\/wp-json\/wp\/v2\/pages"}],"about":[{"href":"https:\/\/metos.global\/fr\/wp-json\/wp\/v2\/types\/page"}],"author":[{"embeddable":true,"href":"https:\/\/metos.global\/fr\/wp-json\/wp\/v2\/users\/3"}],"replies":[{"embeddable":true,"href":"https:\/\/metos.global\/fr\/wp-json\/wp\/v2\/comments?post=40753"}],"version-history":[{"count":10,"href":"https:\/\/metos.global\/fr\/wp-json\/wp\/v2\/pages\/40753\/revisions"}],"predecessor-version":[{"id":52250,"href":"https:\/\/metos.global\/fr\/wp-json\/wp\/v2\/pages\/40753\/revisions\/52250"}],"wp:attachment":[{"href":"https:\/\/metos.global\/fr\/wp-json\/wp\/v2\/media?parent=40753"}],"curies":[{"name":"wp","href":"https:\/\/api.w.org\/{rel}","templated":true}]}}