{"id":52327,"date":"2023-02-17T13:24:41","date_gmt":"2023-02-17T13:24:41","guid":{"rendered":"https:\/\/dev.metos.global\/?page_id=52327"},"modified":"2026-05-04T10:36:40","modified_gmt":"2026-05-04T10:36:40","slug":"imetos-nbiot-manual","status":"publish","type":"page","link":"https:\/\/metos.global\/de\/imetos-nbiot-manual\/","title":{"rendered":"iMETOS NBIoT Handbuch"},"content":{"rendered":"<div data-elementor-type=\"wp-page\" data-elementor-id=\"52327\" class=\"elementor elementor-52327\" data-elementor-post-type=\"page\">\n\t\t\t\t\t\t<section class=\"elementor-section elementor-top-section elementor-element elementor-element-875b730 elementor-section-boxed elementor-section-height-default elementor-section-height-default\" data-id=\"875b730\" data-element_type=\"section\" data-e-type=\"section\" data-settings=\"{&quot;background_background&quot;:&quot;classic&quot;}\">\n\t\t\t\t\t\t<div class=\"elementor-container elementor-column-gap-no\">\n\t\t\t\t\t<div class=\"elementor-column elementor-col-100 elementor-top-column elementor-element elementor-element-4241f44\" data-id=\"4241f44\" data-element_type=\"column\" data-e-type=\"column\">\n\t\t\t<div class=\"elementor-widget-wrap elementor-element-populated\">\n\t\t\t\t\t\t<div class=\"elementor-element elementor-element-decb343 elementor-widget elementor-widget-heading\" data-id=\"decb343\" data-element_type=\"widget\" data-e-type=\"widget\" data-widget_type=\"heading.default\">\n\t\t\t\t<div class=\"elementor-widget-container\">\n\t\t\t\t\t<h2 class=\"elementor-heading-title elementor-size-default\">iMETOS NBIoT <b>EINBLICKE UND HANDBUCH<\/b><\/h2>\t\t\t\t<\/div>\n\t\t\t\t<\/div>\n\t\t\t\t<div class=\"elementor-element elementor-element-c4053f4 elementor-widget elementor-widget-html\" data-id=\"c4053f4\" data-element_type=\"widget\" data-e-type=\"widget\" data-widget_type=\"html.default\">\n\t\t\t\t<div class=\"elementor-widget-container\">\n\t\t\t\t\t<script>\r\njQuery(document).ready(function($) {\r\nvar delay = 100; setTimeout(function() {\r\n$('.elementor-tab-title').removeClass('elementor-active');\r\n $('.elementor-tab-content').css('display', 'none'); }, delay);\r\n});\r\n<\/script>\t\t\t\t<\/div>\n\t\t\t\t<\/div>\n\t\t\t\t<div class=\"elementor-element elementor-element-d4f51b5 elementor-widget elementor-widget-accordion\" data-id=\"d4f51b5\" data-element_type=\"widget\" data-e-type=\"widget\" data-widget_type=\"accordion.default\">\n\t\t\t\t<div class=\"elementor-widget-container\">\n\t\t\t\t\t\t\t<div class=\"elementor-accordion\">\n\t\t\t\t\t\t\t<div class=\"elementor-accordion-item\">\n\t\t\t\t\t<div id=\"elementor-tab-title-2231\" class=\"elementor-tab-title\" data-tab=\"1\" role=\"button\" aria-controls=\"elementor-tab-content-2231\" aria-expanded=\"false\">\n\t\t\t\t\t\t\t\t\t\t\t\t\t<span class=\"elementor-accordion-icon elementor-accordion-icon-right\" aria-hidden=\"true\">\n\t\t\t\t\t\t\t\t\t\t\t\t\t\t\t<span class=\"elementor-accordion-icon-closed\"><i class=\"fas fa-plus\"><\/i><\/span>\n\t\t\t\t\t\t\t\t<span class=\"elementor-accordion-icon-opened\"><i class=\"fas fa-minus\"><\/i><\/span>\n\t\t\t\t\t\t\t\t\t\t\t\t\t\t<\/span>\n\t\t\t\t\t\t\t\t\t\t\t\t<a class=\"elementor-accordion-title\" tabindex=\"0\">DOKUMENTATION<\/a>\n\t\t\t\t\t<\/div>\n\t\t\t\t\t<div id=\"elementor-tab-content-2231\" class=\"elementor-tab-content elementor-clearfix\" data-tab=\"1\" role=\"region\" aria-labelledby=\"elementor-tab-title-2231\"><p><strong><a href=\"\/wp-content\/uploads\/2023\/02\/iMETOS-NBIOT-DOCUMENTATION.zip\">iMETOS NBIOT DOKUMENTATION - zum Herunterladen anklicken<\/a><\/strong><\/p><p><strong>Neueste Firmware:<\/strong> Besuchen Sie die <strong><a href=\"https:\/\/metos.global\/de\/unterstutzung\/\">www.metos.global\/support<\/a><\/strong> Seite und klicken Sie auf die Schaltfl\u00e4che HILFE in der rechten unteren Ecke.<\/p><p><strong>\u00dcber \u00b5METOS:<\/strong>\u00a0<a href=\"https:\/\/metos.global\/de\/micrometos-nbiot\/\">diese Seite besuchen<\/a>.<\/p><\/div>\n\t\t\t\t<\/div>\n\t\t\t\t\t\t\t<div class=\"elementor-accordion-item\">\n\t\t\t\t\t<div id=\"elementor-tab-title-2232\" class=\"elementor-tab-title\" data-tab=\"2\" role=\"button\" aria-controls=\"elementor-tab-content-2232\" aria-expanded=\"false\">\n\t\t\t\t\t\t\t\t\t\t\t\t\t<span class=\"elementor-accordion-icon elementor-accordion-icon-right\" aria-hidden=\"true\">\n\t\t\t\t\t\t\t\t\t\t\t\t\t\t\t<span class=\"elementor-accordion-icon-closed\"><i class=\"fas fa-plus\"><\/i><\/span>\n\t\t\t\t\t\t\t\t<span class=\"elementor-accordion-icon-opened\"><i class=\"fas fa-minus\"><\/i><\/span>\n\t\t\t\t\t\t\t\t\t\t\t\t\t\t<\/span>\n\t\t\t\t\t\t\t\t\t\t\t\t<a class=\"elementor-accordion-title\" tabindex=\"0\">FAQ<\/a>\n\t\t\t\t\t<\/div>\n\t\t\t\t\t<div id=\"elementor-tab-content-2232\" class=\"elementor-tab-content elementor-clearfix\" data-tab=\"2\" role=\"region\" aria-labelledby=\"elementor-tab-title-2232\"><p><strong>1. Beispiel f\u00fcr eine erfolgreiche automatische Kommunikation<\/strong><\/p><pre>Leistung des NB-IoT-Moduls:\n\nON\n\nStarten ... warten ... fertig.\n\nAT\n\nOK\n\nAT+CFUN=1\n\nOK\n\nAT+COPS=1,2, \"28602\"\n\nOK\n\nAT+CEREG?+CEREG: 0,2\n\nOK\n\nAT+CEREG?+CEREG: 0,2\n\nOK\n\nAT+CEREG?+CEREG: 0,1\n\nOK\n\n&gt;&gt; Registrierungszeit = 6 sec.\n\n&gt;&gt; Registriert: Heimnetzwerk\n\nAT+NSOCR=\"DGRAM\",17,1992,00\n\nOK\n\nAT+NSOST=0,\"91.114.24.20\",1992,36,\"E56D000101C8008D00000024011003000101000000070001E7181E000200000600030000\"0,36\n\nOK\n\nAT+NSORF=0,1000,\"91.114.24.20\",1992,23,\"C12C1A0020030101170811002513022C01038403040100\",0\n\nOK\n\nAT+NSOCL=0\n\nOK\n\nAT+CFUN=0\n\nOK\n\nLeistung des NB-IoT-Moduls: SLEEP\n<\/pre><p><strong>2. Ich habe eine SIM-Karte. Was kommt als n\u00e4chstes?<\/strong><\/p><ol><li>Sie ben\u00f6tigen den MCC- und MNC-Code des Netzbetreibers, von dem Sie die SIM-Karte erhalten haben.<\/li><li>Sie m\u00fcssen diesen MCC+MNC-Wert im Men\u00fc (Option P - Setup NBIoT module parameters) der iMETOS\u00ae NBIoT-Station \u00fcber TeraTerm eingeben.<\/li><li>Legen Sie die SIM-Karte in den SIM-Kartenhalter ein. Weitere Informationen finden Sie unter\u00a0<a href=\"https:\/\/metos.global\/home\/wp-content\/uploads\/2018\/07\/iMETOS-NBIoT-SIM-card-installation-v1.00.pdf\">uMetosNBIoT - Installation der SIM-Karte v1.00.pdf<\/a>\u00a0Handbuch.<\/li><\/ol><p><strong>3. Wohin sendet der Sender die Daten?<\/strong><\/p><p>Das iMETOS\u00ae NBIoT sendet die Daten an die IP und den PORT des Empf\u00e4nger-Servers. Diese Werte werden in der Men\u00fcoption L - Print NBIoT module info angezeigt.<\/p><p>Die aktuellen Standardwerte beim Senden der Daten an die Pessl Instruments FC-Plattform m\u00fcssen sein:<\/p><pre>IP-Adresse: 91.114.24.20\n\nEntfernter Anschluss: 1992\n<\/pre><p>Das iMETOS\u00ae NBIoT verwendet das UDP-Protokoll f\u00fcr die \u00dcbertragung der Daten.<\/p><p><strong>4. Es sind keine Daten f\u00fcr meinen Sender auf der\u00a0<a href=\"https:\/\/ng.fieldclimate.com\/\">FieldClimate<\/a>\u00a0Plattform.<\/strong><\/p><p>Der einfachste Weg, um sicherzustellen, dass die Station die Daten erfolgreich an den PI-Server sendet, besteht darin, den Kommunikationsprozess mit TeraTerm zu \u00fcberpr\u00fcfen und mit dem Beispiel der erfolgreichen Kommunikation zu vergleichen.<\/p><p>\u00dcbliche Gr\u00fcnde f\u00fcr eine fehlende Datenlieferung sind:<\/p><ul><li>das NBIoT-Netzwerk erwartet andere Parameter (SCRAMBLING, APN, ...),<\/li><li>falscher MCC+MNC-Code,<\/li><li>nicht funktionsf\u00e4hige SIM-Karte,<\/li><li>Zeit\u00fcberschreitung bei der Registrierung,<\/li><li>keine Netzabdeckung.<\/li><\/ul><p><strong>NBIoT-Netzwerkparameter:<\/strong>\u00a0Jeder NBIoT-Netzbetreiber kann unterschiedliche Einstellungen haben, um das IoT-Ger\u00e4t mit seinem Netz zu verbinden. In den meisten F\u00e4llen handelt es sich um die Werte CR_0354_0338_SCRAMBLING, CR_0859_SI_AVOID und APN.<\/p><p>In der Regel wird die\u00a0<strong>CR_0354_0338_SCRAMBLING<\/strong>\u00a0muss auf TRUE gesetzt werden. Um die Werte zu \u00fcberpr\u00fcfen, m\u00fcssen Sie den Bridge-Modus im Men\u00fc aufrufen (Option M - NBIoT module bridge mode) und den Befehl at+nconfig? .<\/p><p>Das Modul wird zur\u00fcckkehren:<\/p><pre>+NCONFIG: \"AUTOCONNECT\", \"FALSE\"\n\n+NCONFIG: \"CR_0354_0338_SCRAMBLING\",\"FALSE\"\n\n+NCONFIG: \"CR_0859_SI_AVOID\",\"TRUE\"\n\n+NCONFIG: \"KOMBINIEREN_ANH\u00c4NGEN\", \"FALSE\"\n\n+NCONFIG: \"CELL_RESELECTION\", \"FALSE\"\n\n+NCONFIG: \"ENABLE_BIP\", \"FALSE\"\n<\/pre><p>Um CR_0354_0338_SCRAMBLING auf TRUE zu setzen, m\u00fcssen Sie den Befehl at+nconfig=\"CR_0354_0338_SCRAMBLING\", \"TRUE\" ausf\u00fchren und das Modul wird mit OK antworten.<\/p><p>Das Gleiche gilt f\u00fcr die\u00a0<strong>CR_0859_SI_AVOID<\/strong>\u00a0Parameter. Um den Parameter auf true zu setzen, f\u00fchren Sie den Befehl<\/p><pre>at+nconfig=\"CR_0859_SI_AVOID\",\"TRUE\"\n<\/pre><p>F\u00fchren Sie danach den Befehl at+nconfig? erneut aus und \u00fcberpr\u00fcfen Sie die zur\u00fcckgegebenen Werte.<\/p><p>Die Anbieter von NBIoT-Netzen verlangen manchmal die\u00a0<strong>APN<\/strong>\u00a0einrichten. Um den APN-Wert zu \u00fcberpr\u00fcfen, m\u00fcssen Sie den Befehl<\/p><pre>at+cgdcont?<\/pre><p>Im Bridge-Modus. Das Ergebnis sollte in etwa wie folgt aussehen<\/p><pre>+CGDCONT: 0, \"IP\",,,0,0,,,,,1<\/pre><p>was bedeutet, dass kein APN-Wert eingestellt ist. Um den APN-Wert einzustellen, m\u00fcssen Sie den Befehl<\/p><pre>at+cgdcont=1, \"IP\", \"APN_name\"<\/pre><p>wobei APN_name der APN-Name sein muss, den der NBIoT-Netzbetreiber Ihnen zur Verf\u00fcgung stellt.<\/p><p><strong>Zeit\u00fcberschreitung bei der Registrierung:<\/strong>\u00a0Der iMETOS\u00ae LoRa pr\u00fcft den Status, ob er mit dem Netzwerk verbunden ist, indem er die<\/p><pre>at+cereg?<\/pre><p>Befehl. Es pr\u00fcft den Status alle 2 Sekunden f\u00fcr einen Zeitraum von maximal 80 Sekunden. Wenn das Ger\u00e4t in dieser Zeit nicht im Netzwerk registriert ist, wird der Kommunikationsprozess beendet. Wenn die Registrierung erfolgreich war, sehen Sie eine \u00e4hnliche Ausgabe wie diese im TeraTerm:<\/p><pre>AT+CEREG?+CEREG: 0,1\n\nOK\n\n&gt;&gt; Registrierungszeit = 6 sec.\n\n&gt;&gt; Registriert: Heimnetzwerk\n<\/pre><p>Diese Meldung wird angezeigt, wenn sich die Station im automatischen Kommunikationsmodus befindet. Sie sehen diese Meldung nicht, wenn Sie sich im Bridge-Modus befinden.<\/p><p><strong>5. Wie kann man die Verf\u00fcgbarkeit des Netzes \u00fcberpr\u00fcfen?<\/strong><\/p><p>Wenn sich das Ger\u00e4t erfolgreich im Netz registriert, ist das Netz verf\u00fcgbar. Wenn sich das Ger\u00e4t nicht registriert, m\u00fcssen Sie beim NBIoT-Netzbetreiber den Status des Netzes erfragen - ob es in Ihrem Gebiet verf\u00fcgbar ist und welche Einstellungen verwendet werden m\u00fcssen (und diese mit den Einstellungen auf Ihrem Ger\u00e4t vergleichen - siehe Punkt oben).<\/p><p><strong>6. Was ist zu tun, wenn ich mehr Hilfe brauche?<\/strong><\/p><p>Kontaktieren Sie unseren Support unter support@metos.at. Wir helfen Ihnen gerne bei allen Problemen, die Sie haben.<\/p><\/div>\n\t\t\t\t<\/div>\n\t\t\t\t\t\t\t\t<\/div>\n\t\t\t\t\t\t<\/div>\n\t\t\t\t<\/div>\n\t\t\t\t<div class=\"elementor-element elementor-element-6c77abb elementor-widget elementor-widget-spacer\" data-id=\"6c77abb\" data-element_type=\"widget\" data-e-type=\"widget\" data-widget_type=\"spacer.default\">\n\t\t\t\t<div class=\"elementor-widget-container\">\n\t\t\t\t\t\t\t<div class=\"elementor-spacer\">\n\t\t\t<div class=\"elementor-spacer-inner\"><\/div>\n\t\t<\/div>\n\t\t\t\t\t\t<\/div>\n\t\t\t\t<\/div>\n\t\t\t\t\t<\/div>\n\t\t<\/div>\n\t\t\t\t\t<\/div>\n\t\t<\/section>\n\t\t\t\t<\/div>","protected":false},"excerpt":{"rendered":"<p>iMETOS NBIoT INSIGHTS AND MANUAL DOCUMENTATION iMETOS NBIOT DOCUMENTATION \u2013 click to download Latest firmware: visit the www.metos.global\/support page and click on the HELP button in the bottom right corner. About \u00b5METOS:\u00a0visit this page. FAQ 1. Example of a successful automatic communication NB-IoT module power: ON Starting up&#8230; waiting&#8230; done. AT OK AT+CFUN=1 OK AT+COPS=1,2,&#8221;28602&#8243; [&hellip;]<\/p>\n","protected":false},"author":2,"featured_media":0,"parent":0,"menu_order":0,"comment_status":"closed","ping_status":"closed","template":"elementor_header_footer","meta":{"ocean_post_layout":"","ocean_both_sidebars_style":"","ocean_both_sidebars_content_width":0,"ocean_both_sidebars_sidebars_width":0,"ocean_sidebar":"0","ocean_second_sidebar":"0","ocean_disable_margins":"enable","ocean_add_body_class":"","ocean_shortcode_before_top_bar":"","ocean_shortcode_after_top_bar":"","ocean_shortcode_before_header":"","ocean_shortcode_after_header":"","ocean_has_shortcode":"","ocean_shortcode_after_title":"","ocean_shortcode_before_footer_widgets":"","ocean_shortcode_after_footer_widgets":"","ocean_shortcode_before_footer_bottom":"","ocean_shortcode_after_footer_bottom":"","ocean_display_top_bar":"default","ocean_display_header":"default","ocean_header_style":"","ocean_center_header_left_menu":"0","ocean_custom_header_template":"0","ocean_custom_logo":0,"ocean_custom_retina_logo":0,"ocean_custom_logo_max_width":0,"ocean_custom_logo_tablet_max_width":0,"ocean_custom_logo_mobile_max_width":0,"ocean_custom_logo_max_height":0,"ocean_custom_logo_tablet_max_height":0,"ocean_custom_logo_mobile_max_height":0,"ocean_header_custom_menu":"0","ocean_menu_typo_font_family":"0","ocean_menu_typo_font_subset":"","ocean_menu_typo_font_size":0,"ocean_menu_typo_font_size_tablet":0,"ocean_menu_typo_font_size_mobile":0,"ocean_menu_typo_font_size_unit":"px","ocean_menu_typo_font_weight":"","ocean_menu_typo_font_weight_tablet":"","ocean_menu_typo_font_weight_mobile":"","ocean_menu_typo_transform":"","ocean_menu_typo_transform_tablet":"","ocean_menu_typo_transform_mobile":"","ocean_menu_typo_line_height":0,"ocean_menu_typo_line_height_tablet":0,"ocean_menu_typo_line_height_mobile":0,"ocean_menu_typo_line_height_unit":"","ocean_menu_typo_spacing":0,"ocean_menu_typo_spacing_tablet":0,"ocean_menu_typo_spacing_mobile":0,"ocean_menu_typo_spacing_unit":"","ocean_menu_link_color":"","ocean_menu_link_color_hover":"","ocean_menu_link_color_active":"","ocean_menu_link_background":"","ocean_menu_link_hover_background":"","ocean_menu_link_active_background":"","ocean_menu_social_links_bg":"","ocean_menu_social_hover_links_bg":"","ocean_menu_social_links_color":"","ocean_menu_social_hover_links_color":"","ocean_disable_title":"on","ocean_disable_heading":"on","ocean_post_title":"","ocean_post_subheading":"","ocean_post_title_style":"","ocean_post_title_background_color":"","ocean_post_title_background":0,"ocean_post_title_bg_image_position":"","ocean_post_title_bg_image_attachment":"","ocean_post_title_bg_image_repeat":"","ocean_post_title_bg_image_size":"","ocean_post_title_height":0,"ocean_post_title_bg_overlay":0.5,"ocean_post_title_bg_overlay_color":"","ocean_disable_breadcrumbs":"default","ocean_breadcrumbs_color":"","ocean_breadcrumbs_separator_color":"","ocean_breadcrumbs_links_color":"","ocean_breadcrumbs_links_hover_color":"","ocean_display_footer_widgets":"default","ocean_display_footer_bottom":"default","ocean_custom_footer_template":"0","footnotes":""},"class_list":["post-52327","page","type-page","status-publish","hentry","entry"],"yoast_head":"<!-- This site is optimized with the Yoast SEO plugin v27.5 - https:\/\/yoast.com\/product\/yoast-seo-wordpress\/ -->\n<title>iMETOS NBIoT Manual - METOS by Pessl Instruments<\/title>\n<meta name=\"robots\" content=\"index, follow, max-snippet:-1, max-image-preview:large, max-video-preview:-1\" \/>\n<link rel=\"canonical\" href=\"https:\/\/metos.global\/de\/imetos-nbiot-manual\/\" \/>\n<meta property=\"og:locale\" content=\"de_DE\" \/>\n<meta property=\"og:type\" content=\"article\" \/>\n<meta property=\"og:title\" content=\"iMETOS NBIoT Manual - METOS by Pessl Instruments\" \/>\n<meta property=\"og:description\" content=\"iMETOS NBIoT INSIGHTS AND MANUAL DOCUMENTATION iMETOS NBIOT DOCUMENTATION \u2013 click to download Latest firmware: visit the www.metos.global\/support page and click on the HELP button in the bottom right corner. About \u00b5METOS:\u00a0visit this page. FAQ 1. Example of a successful automatic communication NB-IoT module power: ON Starting up... waiting... done. AT OK AT+CFUN=1 OK AT+COPS=1,2,&quot;28602&quot; [&hellip;]\" \/>\n<meta property=\"og:url\" content=\"https:\/\/metos.global\/de\/imetos-nbiot-manual\/\" \/>\n<meta property=\"og:site_name\" content=\"METOS by Pessl Instruments\" \/>\n<meta property=\"article:modified_time\" content=\"2026-05-04T10:36:40+00:00\" \/>\n<meta name=\"twitter:card\" content=\"summary_large_image\" \/>\n<meta name=\"twitter:label1\" content=\"Gesch\u00e4tzte Lesezeit\" \/>\n\t<meta name=\"twitter:data1\" content=\"3\u00a0Minuten\" \/>\n<script type=\"application\/ld+json\" class=\"yoast-schema-graph\">{\"@context\":\"https:\\\/\\\/schema.org\",\"@graph\":[{\"@type\":\"WebPage\",\"@id\":\"https:\\\/\\\/metos.global\\\/imetos-nbiot-manual\\\/\",\"url\":\"https:\\\/\\\/metos.global\\\/imetos-nbiot-manual\\\/\",\"name\":\"iMETOS NBIoT Manual - METOS by Pessl Instruments\",\"isPartOf\":{\"@id\":\"https:\\\/\\\/metos.at\\\/en\\\/#website\"},\"datePublished\":\"2023-02-17T13:24:41+00:00\",\"dateModified\":\"2026-05-04T10:36:40+00:00\",\"breadcrumb\":{\"@id\":\"https:\\\/\\\/metos.global\\\/imetos-nbiot-manual\\\/#breadcrumb\"},\"inLanguage\":\"de\",\"potentialAction\":[{\"@type\":\"ReadAction\",\"target\":[\"https:\\\/\\\/metos.global\\\/imetos-nbiot-manual\\\/\"]}]},{\"@type\":\"BreadcrumbList\",\"@id\":\"https:\\\/\\\/metos.global\\\/imetos-nbiot-manual\\\/#breadcrumb\",\"itemListElement\":[{\"@type\":\"ListItem\",\"position\":1,\"name\":\"Home\",\"item\":\"https:\\\/\\\/metos.global\\\/\"},{\"@type\":\"ListItem\",\"position\":2,\"name\":\"iMETOS NBIoT Manual\"}]},{\"@type\":\"WebSite\",\"@id\":\"https:\\\/\\\/metos.at\\\/en\\\/#website\",\"url\":\"https:\\\/\\\/metos.at\\\/en\\\/\",\"name\":\"METOS by Pessl Instruments\",\"description\":\"Turning Information into profits since 1984.\",\"publisher\":{\"@id\":\"https:\\\/\\\/metos.at\\\/en\\\/#organization\"},\"alternateName\":\"METOS\",\"potentialAction\":[{\"@type\":\"SearchAction\",\"target\":{\"@type\":\"EntryPoint\",\"urlTemplate\":\"https:\\\/\\\/metos.at\\\/en\\\/?s={search_term_string}\"},\"query-input\":{\"@type\":\"PropertyValueSpecification\",\"valueRequired\":true,\"valueName\":\"search_term_string\"}}],\"inLanguage\":\"de\"},{\"@type\":\"Organization\",\"@id\":\"https:\\\/\\\/metos.at\\\/en\\\/#organization\",\"name\":\"METOS by Pessl Instruments\",\"alternateName\":\"Pessl Instruments\",\"url\":\"https:\\\/\\\/metos.at\\\/en\\\/\",\"logo\":{\"@type\":\"ImageObject\",\"inLanguage\":\"de\",\"@id\":\"https:\\\/\\\/metos.at\\\/en\\\/#\\\/schema\\\/logo\\\/image\\\/\",\"url\":\"https:\\\/\\\/metos.global\\\/wp-content\\\/uploads\\\/2022\\\/02\\\/cropped-METOS-by-Pessl-Instruments-white-PNG.png\",\"contentUrl\":\"https:\\\/\\\/metos.global\\\/wp-content\\\/uploads\\\/2022\\\/02\\\/cropped-METOS-by-Pessl-Instruments-white-PNG.png\",\"width\":2652,\"height\":795,\"caption\":\"METOS by Pessl Instruments\"},\"image\":{\"@id\":\"https:\\\/\\\/metos.at\\\/en\\\/#\\\/schema\\\/logo\\\/image\\\/\"}}]}<\/script>\n<!-- \/ Yoast SEO plugin. -->","yoast_head_json":{"title":"iMETOS NBIoT Handbuch - METOS von Pessl Instruments","robots":{"index":"index","follow":"follow","max-snippet":"max-snippet:-1","max-image-preview":"max-image-preview:large","max-video-preview":"max-video-preview:-1"},"canonical":"https:\/\/metos.global\/de\/imetos-nbiot-manual\/","og_locale":"de_DE","og_type":"article","og_title":"iMETOS NBIoT Manual - METOS by Pessl Instruments","og_description":"iMETOS NBIoT INSIGHTS AND MANUAL DOCUMENTATION iMETOS NBIOT DOCUMENTATION \u2013 click to download Latest firmware: visit the www.metos.global\/support page and click on the HELP button in the bottom right corner. About \u00b5METOS:\u00a0visit this page. FAQ 1. Example of a successful automatic communication NB-IoT module power: ON Starting up... waiting... done. AT OK AT+CFUN=1 OK AT+COPS=1,2,\"28602\" [&hellip;]","og_url":"https:\/\/metos.global\/de\/imetos-nbiot-manual\/","og_site_name":"METOS by Pessl Instruments","article_modified_time":"2026-05-04T10:36:40+00:00","twitter_card":"summary_large_image","twitter_misc":{"Gesch\u00e4tzte Lesezeit":"3\u00a0Minuten"},"schema":{"@context":"https:\/\/schema.org","@graph":[{"@type":"WebPage","@id":"https:\/\/metos.global\/imetos-nbiot-manual\/","url":"https:\/\/metos.global\/imetos-nbiot-manual\/","name":"iMETOS NBIoT Handbuch - METOS von Pessl Instruments","isPartOf":{"@id":"https:\/\/metos.at\/en\/#website"},"datePublished":"2023-02-17T13:24:41+00:00","dateModified":"2026-05-04T10:36:40+00:00","breadcrumb":{"@id":"https:\/\/metos.global\/imetos-nbiot-manual\/#breadcrumb"},"inLanguage":"de","potentialAction":[{"@type":"ReadAction","target":["https:\/\/metos.global\/imetos-nbiot-manual\/"]}]},{"@type":"BreadcrumbList","@id":"https:\/\/metos.global\/imetos-nbiot-manual\/#breadcrumb","itemListElement":[{"@type":"ListItem","position":1,"name":"Home","item":"https:\/\/metos.global\/"},{"@type":"ListItem","position":2,"name":"iMETOS NBIoT Manual"}]},{"@type":"WebSite","@id":"https:\/\/metos.at\/en\/#website","url":"https:\/\/metos.at\/en\/","name":"METOS von Pessl Instruments","description":"Informationen in Gewinne umwandeln seit 1984.","publisher":{"@id":"https:\/\/metos.at\/en\/#organization"},"alternateName":"METOS","potentialAction":[{"@type":"SearchAction","target":{"@type":"EntryPoint","urlTemplate":"https:\/\/metos.at\/en\/?s={search_term_string}"},"query-input":{"@type":"PropertyValueSpecification","valueRequired":true,"valueName":"search_term_string"}}],"inLanguage":"de"},{"@type":"Organization","@id":"https:\/\/metos.at\/en\/#organization","name":"METOS von Pessl Instruments","alternateName":"Pessl Instruments","url":"https:\/\/metos.at\/en\/","logo":{"@type":"ImageObject","inLanguage":"de","@id":"https:\/\/metos.at\/en\/#\/schema\/logo\/image\/","url":"https:\/\/metos.global\/wp-content\/uploads\/2022\/02\/cropped-METOS-by-Pessl-Instruments-white-PNG.png","contentUrl":"https:\/\/metos.global\/wp-content\/uploads\/2022\/02\/cropped-METOS-by-Pessl-Instruments-white-PNG.png","width":2652,"height":795,"caption":"METOS by Pessl Instruments"},"image":{"@id":"https:\/\/metos.at\/en\/#\/schema\/logo\/image\/"}}]}},"_links":{"self":[{"href":"https:\/\/metos.global\/de\/wp-json\/wp\/v2\/pages\/52327","targetHints":{"allow":["GET"]}}],"collection":[{"href":"https:\/\/metos.global\/de\/wp-json\/wp\/v2\/pages"}],"about":[{"href":"https:\/\/metos.global\/de\/wp-json\/wp\/v2\/types\/page"}],"author":[{"embeddable":true,"href":"https:\/\/metos.global\/de\/wp-json\/wp\/v2\/users\/2"}],"replies":[{"embeddable":true,"href":"https:\/\/metos.global\/de\/wp-json\/wp\/v2\/comments?post=52327"}],"version-history":[{"count":15,"href":"https:\/\/metos.global\/de\/wp-json\/wp\/v2\/pages\/52327\/revisions"}],"predecessor-version":[{"id":120518,"href":"https:\/\/metos.global\/de\/wp-json\/wp\/v2\/pages\/52327\/revisions\/120518"}],"wp:attachment":[{"href":"https:\/\/metos.global\/de\/wp-json\/wp\/v2\/media?parent=52327"}],"curies":[{"name":"wp","href":"https:\/\/api.w.org\/{rel}","templated":true}]}}